{"id":822,"date":"2026-02-26T08:51:20","date_gmt":"2026-02-26T08:51:20","guid":{"rendered":"https:\/\/flangemanagement.com\/home\/"},"modified":"2026-02-27T13:46:40","modified_gmt":"2026-02-27T13:46:40","slug":"home","status":"publish","type":"page","link":"https:\/\/flangemanagement.com\/de\/","title":{"rendered":"Home"},"content":{"rendered":"<p><div class=\"fusion-fullwidth fullwidth-box fusion-builder-row-1 fusion-flex-container has-pattern-background has-mask-background nonhundred-percent-fullwidth non-hundred-percent-height-scrolling fusion-animated\" style=\"--awb-border-radius-top-left:0px;--awb-border-radius-top-right:0px;--awb-border-radius-bottom-right:0px;--awb-border-radius-bottom-left:0px;--awb-flex-wrap:wrap;\" data-animationType=\"fadeInUp\" data-animationDuration=\"1.0\" data-animationOffset=\"top-into-view\" ><div class=\"fusion-builder-row fusion-row fusion-flex-align-items-flex-start fusion-flex-content-wrap\" style=\"max-width:1248px;margin-left: calc(-4% \/ 2 );margin-right: calc(-4% \/ 2 );\"><div class=\"fusion-layout-column fusion_builder_column fusion-builder-column-0 fusion_builder_column_1_1 1_1 fusion-flex-column\" style=\"--awb-bg-size:cover;--awb-width-large:100%;--awb-spacing-right-large:1.92%;--awb-spacing-left-large:1.92%;--awb-width-medium:100%;--awb-order-medium:0;--awb-spacing-right-medium:1.92%;--awb-spacing-left-medium:1.92%;--awb-width-small:100%;--awb-order-small:0;--awb-spacing-right-small:1.92%;--awb-spacing-left-small:1.92%;\"><div class=\"fusion-column-wrapper fusion-column-has-shadow fusion-flex-justify-content-flex-start fusion-content-layout-column\"><div class=\"fusion-text fusion-text-1\"><h1>Flange Management<\/h1>\n<p>Flange Management ist der Handelsname der Flange Management B.V., eines unabh\u00e4ngigen Ingenieurb\u00fcros mit Sitz in Amsterdam. Wir sind spezialisiert auf die Auslegung und Verifizierung von Flanschverbindungen sowie auf Compliance-Dokumentation f\u00fcr kritische Schraubenverbindungen. Wir liefern auditf\u00e4hige Nachweise, dass Berechnungen, Annahmen und Montageanforderungen den f\u00fcr Ihre Anlagen geltenden Normen entsprechen.<\/p>\n<p>Wir rechnen nicht nur \u2013 wir dokumentieren Nachweise. Nachweise daf\u00fcr, dass Ihre Flanschverbindungen gem\u00e4\u00df den erforderlichen Normen ausgelegt, verifiziert und montiert wurden. Wenn eine Beh\u00f6rde, ein Pr\u00fcfer oder ein interner Auditor fragt: \u201eZeigen Sie mir, wie diese Verbindung verifiziert wurde\u201c, brauchen Sie mehr als eine Berechnung \u2013 Sie brauchen klare, belastbare Nachweise.<\/p>\n<\/div><\/div><\/div><\/div><\/div><div class=\"fusion-fullwidth fullwidth-box fusion-builder-row-2 fusion-flex-container has-pattern-background has-mask-background nonhundred-percent-fullwidth non-hundred-percent-height-scrolling fusion-animated\" style=\"--awb-border-radius-top-left:0px;--awb-border-radius-top-right:0px;--awb-border-radius-bottom-right:0px;--awb-border-radius-bottom-left:0px;--awb-flex-wrap:wrap;\" data-animationType=\"fadeInUp\" data-animationDuration=\"1.0\" data-animationOffset=\"top-into-view\" ><div class=\"fusion-builder-row fusion-row fusion-flex-align-items-flex-start fusion-flex-content-wrap\" style=\"max-width:1248px;margin-left: calc(-4% \/ 2 );margin-right: calc(-4% \/ 2 );\"><div class=\"fusion-layout-column fusion_builder_column fusion-builder-column-1 fusion_builder_column_1_1 1_1 fusion-flex-column\" style=\"--awb-bg-size:cover;--awb-width-large:100%;--awb-spacing-right-large:1.92%;--awb-spacing-left-large:1.92%;--awb-width-medium:100%;--awb-order-medium:0;--awb-spacing-right-medium:1.92%;--awb-spacing-left-medium:1.92%;--awb-width-small:100%;--awb-order-small:0;--awb-spacing-right-small:1.92%;--awb-spacing-left-small:1.92%;\"><div class=\"fusion-column-wrapper fusion-column-has-shadow fusion-flex-justify-content-flex-start fusion-content-layout-column\"><\/div><\/div><div class=\"fusion-layout-column fusion_builder_column fusion-builder-column-2 fusion_builder_column_1_3 1_3 fusion-flex-column\" style=\"--awb-bg-size:cover;--awb-width-large:33.333333333333%;--awb-spacing-right-large:5.76%;--awb-spacing-left-large:5.76%;--awb-width-medium:33.333333333333%;--awb-order-medium:0;--awb-spacing-right-medium:5.76%;--awb-spacing-left-medium:5.76%;--awb-width-small:100%;--awb-order-small:0;--awb-spacing-right-small:1.92%;--awb-spacing-left-small:1.92%;\"><div class=\"fusion-column-wrapper fusion-column-has-shadow fusion-flex-justify-content-flex-start fusion-content-layout-column\"><div class=\"fusion-text fusion-text-2\"><h2>Was wir tun<\/h2>\n<p>\n<\/div><ul style=\"--awb-line-height:27.2px;--awb-icon-width:27.2px;--awb-icon-height:27.2px;--awb-icon-margin:11.2px;--awb-content-margin:38.4px;--awb-circlecolor:#619e85;--awb-circle-yes-font-size:14.08px;\" class=\"fusion-checklist fusion-checklist-1 fusion-checklist-default type-icons\"><li class=\"fusion-li-item\" style=\"\"><span class=\"icon-wrapper circle-yes\"><i class=\"fusion-li-icon awb-icon-check\" aria-hidden=\"true\"><\/i><\/span><div class=\"fusion-li-item-content\">\n<p>Auslegung &amp; Verifizierung von Flanschverbindungen<\/p>\n<\/div><\/li><li class=\"fusion-li-item\" style=\"\"><span class=\"icon-wrapper circle-yes\"><i class=\"fusion-li-icon awb-icon-check\" aria-hidden=\"true\"><\/i><\/span><div class=\"fusion-li-item-content\">\n<p>Normenbasierte ingenieurtechnische Berechnungen<\/p>\n<\/div><\/li><li class=\"fusion-li-item\" style=\"\"><span class=\"icon-wrapper circle-yes\"><i class=\"fusion-li-icon awb-icon-check\" aria-hidden=\"true\"><\/i><\/span><div class=\"fusion-li-item-content\">\n<p>Unabh\u00e4ngige technische Pr\u00fcfung<\/p>\n<\/div><\/li><li class=\"fusion-li-item\" style=\"\"><span class=\"icon-wrapper circle-yes\"><i class=\"fusion-li-icon awb-icon-check\" aria-hidden=\"true\"><\/i><\/span><div class=\"fusion-li-item-content\">\n<p>Werksweite Flanschintegrit\u00e4tsprogramme<\/p>\n<\/div><\/li><\/ul><\/div><\/div><div class=\"fusion-layout-column fusion_builder_column fusion-builder-column-3 fusion_builder_column_1_3 1_3 fusion-flex-column\" style=\"--awb-bg-size:cover;--awb-width-large:33.333333333333%;--awb-spacing-right-large:5.76%;--awb-spacing-left-large:5.76%;--awb-width-medium:33.333333333333%;--awb-order-medium:0;--awb-spacing-right-medium:5.76%;--awb-spacing-left-medium:5.76%;--awb-width-small:100%;--awb-order-small:0;--awb-spacing-right-small:1.92%;--awb-spacing-left-small:1.92%;\"><div class=\"fusion-column-wrapper fusion-column-has-shadow fusion-flex-justify-content-flex-start fusion-content-layout-column\"><div class=\"fusion-text fusion-text-3\"><h2>Wie wir arbeiten<\/h2>\n<p>\n<\/div><ul style=\"--awb-line-height:27.2px;--awb-icon-width:27.2px;--awb-icon-height:27.2px;--awb-icon-margin:11.2px;--awb-content-margin:38.4px;--awb-circlecolor:#619e85;--awb-circle-yes-font-size:14.08px;\" class=\"fusion-checklist fusion-checklist-2 fusion-checklist-default type-icons\"><li class=\"fusion-li-item\" style=\"\"><span class=\"icon-wrapper circle-yes\"><i class=\"fusion-li-icon awb-icon-check\" aria-hidden=\"true\"><\/i><\/span><div class=\"fusion-li-item-content\">\n<p>Umfang &amp; Annahmen festlegen<\/p>\n<\/div><\/li><li class=\"fusion-li-item\" style=\"\"><span class=\"icon-wrapper circle-yes\"><i class=\"fusion-li-icon awb-icon-check\" aria-hidden=\"true\"><\/i><\/span><div class=\"fusion-li-item-content\">\n<p>Berechnen, verifizieren &amp; hinterfragen<\/p>\n<\/div><\/li><li class=\"fusion-li-item\" style=\"\"><span class=\"icon-wrapper circle-yes\"><i class=\"fusion-li-icon awb-icon-check\" aria-hidden=\"true\"><\/i><\/span><div class=\"fusion-li-item-content\">\n<p>Dokumentieren &amp; nachvollziehbar machen<\/p>\n<\/div><\/li><li class=\"fusion-li-item\" style=\"\"><span class=\"icon-wrapper circle-yes\"><i class=\"fusion-li-icon awb-icon-check\" aria-hidden=\"true\"><\/i><\/span><div class=\"fusion-li-item-content\">\n<p>Compliance verbessern &amp; nachhaltig sichern<\/p>\n<\/div><\/li><\/ul><\/div><\/div><div class=\"fusion-layout-column fusion_builder_column fusion-builder-column-4 fusion_builder_column_1_3 1_3 fusion-flex-column\" style=\"--awb-bg-size:cover;--awb-width-large:33.333333333333%;--awb-spacing-right-large:5.76%;--awb-spacing-left-large:5.76%;--awb-width-medium:33.333333333333%;--awb-order-medium:0;--awb-spacing-right-medium:5.76%;--awb-spacing-left-medium:5.76%;--awb-width-small:100%;--awb-order-small:0;--awb-spacing-right-small:1.92%;--awb-spacing-left-small:1.92%;\"><div class=\"fusion-column-wrapper fusion-column-has-shadow fusion-flex-justify-content-flex-start fusion-content-layout-column\"><div class=\"fusion-text fusion-text-4\"><h2>Wo wir Mehrwert schaffen<\/h2>\n<p>\n<\/div><ul style=\"--awb-line-height:27.2px;--awb-icon-width:27.2px;--awb-icon-height:27.2px;--awb-icon-margin:11.2px;--awb-content-margin:38.4px;--awb-circlecolor:#619e85;--awb-circle-yes-font-size:14.08px;\" class=\"fusion-checklist fusion-checklist-3 fusion-checklist-default type-icons\"><li class=\"fusion-li-item\" style=\"\"><span class=\"icon-wrapper circle-yes\"><i class=\"fusion-li-icon awb-icon-check\" aria-hidden=\"true\"><\/i><\/span><div class=\"fusion-li-item-content\">\n<p>Raffinerien &amp; Petrochemie<\/p>\n<\/div><\/li><li class=\"fusion-li-item\" style=\"\"><span class=\"icon-wrapper circle-yes\"><i class=\"fusion-li-icon awb-icon-check\" aria-hidden=\"true\"><\/i><\/span><div class=\"fusion-li-item-content\">\n<p>Gasaufbereitung &amp; LNG<\/p>\n<\/div><\/li><li class=\"fusion-li-item\" style=\"\"><span class=\"icon-wrapper circle-yes\"><i class=\"fusion-li-icon awb-icon-check\" aria-hidden=\"true\"><\/i><\/span><div class=\"fusion-li-item-content\">\n<p>Stromerzeugung &amp; Versorgungsunternehmen<\/p>\n<\/div><\/li><li class=\"fusion-li-item\" style=\"\"><span class=\"icon-wrapper circle-yes\"><i class=\"fusion-li-icon awb-icon-check\" aria-hidden=\"true\"><\/i><\/span><div class=\"fusion-li-item-content\">\n<p>Kritische mechanische systemen<\/p>\n<\/div><\/li><\/ul><\/div><\/div><\/div><\/div><div class=\"fusion-fullwidth fullwidth-box fusion-builder-row-3 fusion-flex-container has-pattern-background has-mask-background nonhundred-percent-fullwidth non-hundred-percent-height-scrolling fusion-animated\" style=\"--awb-border-radius-top-left:0px;--awb-border-radius-top-right:0px;--awb-border-radius-bottom-right:0px;--awb-border-radius-bottom-left:0px;--awb-flex-wrap:wrap;\" data-animationType=\"fadeInUp\" data-animationDuration=\"1.0\" data-animationOffset=\"top-into-view\" ><div class=\"fusion-builder-row fusion-row fusion-flex-align-items-flex-start fusion-flex-content-wrap\" style=\"max-width:1248px;margin-left: calc(-4% \/ 2 );margin-right: calc(-4% \/ 2 );\"><div class=\"fusion-layout-column fusion_builder_column fusion-builder-column-5 fusion_builder_column_1_1 1_1 fusion-flex-column\" style=\"--awb-bg-size:cover;--awb-width-large:100%;--awb-spacing-right-large:1.92%;--awb-spacing-left-large:1.92%;--awb-width-medium:100%;--awb-order-medium:0;--awb-spacing-right-medium:1.92%;--awb-spacing-left-medium:1.92%;--awb-width-small:100%;--awb-order-small:0;--awb-spacing-right-small:1.92%;--awb-spacing-left-small:1.92%;\"><div class=\"fusion-column-wrapper fusion-column-has-shadow fusion-flex-justify-content-flex-start fusion-content-layout-column\"><div class=\"fusion-text fusion-text-5\"><h2>Warum das wichtig ist<\/h2>\n<p>Flanschverbindungen scheitern auf dem Papier oft lange bevor sie im Betrieb versagen. Fehlende Dokumentation, unklare Annahmen oder nicht nachvollziehbare Berechnungen setzen Anlagenbetreiber dem Risiko von Pr\u00fcfbeanstandungen, ungeplanten Stillst\u00e4nden, Integrit\u00e4tsrisiken und Haftungsfragen nach einem Vorfall aus. Engineering ohne nachvollziehbare Nachweise ist kein abgeschlossenes Engineering.<\/p>\n<h2>Normen &amp; Compliance<\/h2>\n<p>Wir berechnen, verifizieren und dokumentieren gem\u00e4\u00df den ma\u00dfgeblichen Normen und Regelwerken, die f\u00fcr Ihre Anlagen gelten \u2013 einschlie\u00dflich europ\u00e4ischer und ASME-Flanschauslegungsmethoden, Montageleitlinien sowie kundenspezifischer Spezifikationen.<\/p>\n<p>Unsere Deliverables sind darauf ausgelegt, Compliance explizit zu machen, Annahmen sichtbar zu machen und Engineering belastbar zu begr\u00fcnden. Suchen Sie formale Nachweise zur Auslegungs- und Montage-Compliance? Entdecken Sie das <a href=\"https:\/\/flangemanagement.com\/de\/zertifikate\/\"><strong>FlangeUp\u00ae Compliance Certificate<\/strong><\/a>.<\/p>\n<h2>Unabh\u00e4ngig by design<\/h2>\n<p>Flange Management arbeitet unabh\u00e4ngig von Schraubenlieferanten, Dichtungsherstellern und Montageunternehmen. Unser einziges Interesse ist technische Korrektheit und klare, nachvollziehbare Compliance.<\/p>\n<h2>Seien Sie bereit, wenn Nachweise verlangt werden<\/h2>\n<p>Ob es sich um eine kritische Verbindung oder um Tausende standortweit handelt \u2013 wir helfen Ihnen, Flanschtechnik in klare, auditf\u00e4hige Nachweise zu \u00fcberf\u00fchren.<\/p>\n<\/div><\/div><\/div><\/div><\/div><\/p>\n","protected":false},"excerpt":{"rendered":"","protected":false},"author":1,"featured_media":0,"parent":0,"menu_order":1,"comment_status":"closed","ping_status":"closed","template":"100-width.php","meta":{"footnotes":""},"class_list":["post-822","page","type-page","status-publish","hentry"],"yoast_head":"<!-- This site is optimized with the Yoast SEO plugin v26.8 - https:\/\/yoast.com\/product\/yoast-seo-wordpress\/ -->\n<title>Flange Management \u2013 Das unabh\u00e4ngige Ingenieurunternehmen<\/title>\n<meta name=\"description\" content=\"Flange Management liefert Verbindungsintegrit\u00e4t, Verifizierung und auditf\u00e4hige Compliance-Dokumentation f\u00fcr kritische Schraubenverbindungen \u2013 unabh\u00e4ngiges, normenbasiertes Engineering.\" \/>\n<meta name=\"robots\" content=\"index, follow, max-snippet:-1, max-image-preview:large, max-video-preview:-1\" \/>\n<link rel=\"canonical\" href=\"https:\/\/flangemanagement.com\/de\/home\/\" \/>\n<meta property=\"og:locale\" content=\"de_DE\" \/>\n<meta property=\"og:type\" content=\"article\" \/>\n<meta property=\"og:title\" content=\"Flange Management \u2013 Das unabh\u00e4ngige Ingenieurunternehmen\" \/>\n<meta property=\"og:description\" content=\"Flange Management liefert Verbindungsintegrit\u00e4t, Verifizierung und auditf\u00e4hige Compliance-Dokumentation f\u00fcr kritische Schraubenverbindungen \u2013 unabh\u00e4ngiges, normenbasiertes Engineering.\" \/>\n<meta property=\"og:url\" content=\"https:\/\/flangemanagement.com\/de\/home\/\" \/>\n<meta property=\"og:site_name\" content=\"Flange Management\" \/>\n<meta property=\"article:publisher\" content=\"https:\/\/www.facebook.com\/flangemanagement\" \/>\n<meta property=\"article:modified_time\" content=\"2026-02-27T13:46:40+00:00\" \/>\n<meta name=\"twitter:card\" content=\"summary_large_image\" \/>\n<meta name=\"twitter:label1\" content=\"Gesch\u00e4tzte Lesezeit\" \/>\n\t<meta name=\"twitter:data1\" content=\"20\u00a0Minuten\" \/>\n<script type=\"application\/ld+json\" class=\"yoast-schema-graph\">{\"@context\":\"https:\/\/schema.org\",\"@graph\":[{\"@type\":\"WebPage\",\"@id\":\"https:\/\/flangemanagement.com\/de\/home\/\",\"url\":\"https:\/\/flangemanagement.com\/de\/home\/\",\"name\":\"Flange Management \u2013 Das unabh\u00e4ngige Ingenieurunternehmen\",\"isPartOf\":{\"@id\":\"https:\/\/flangemanagement.com\/#website\"},\"datePublished\":\"2026-02-26T08:51:20+00:00\",\"dateModified\":\"2026-02-27T13:46:40+00:00\",\"description\":\"Flange Management liefert Verbindungsintegrit\u00e4t, Verifizierung und auditf\u00e4hige Compliance-Dokumentation f\u00fcr kritische Schraubenverbindungen \u2013 unabh\u00e4ngiges, normenbasiertes Engineering.\",\"breadcrumb\":{\"@id\":\"https:\/\/flangemanagement.com\/de\/home\/#breadcrumb\"},\"inLanguage\":\"de\",\"potentialAction\":[{\"@type\":\"ReadAction\",\"target\":[\"https:\/\/flangemanagement.com\/de\/home\/\"]}]},{\"@type\":\"BreadcrumbList\",\"@id\":\"https:\/\/flangemanagement.com\/de\/home\/#breadcrumb\",\"itemListElement\":[{\"@type\":\"ListItem\",\"position\":1,\"name\":\"Home\",\"item\":\"https:\/\/flangemanagement.com\/de\/home\/\"},{\"@type\":\"ListItem\",\"position\":2,\"name\":\"Home\"}]},{\"@type\":\"WebSite\",\"@id\":\"https:\/\/flangemanagement.com\/#website\",\"url\":\"https:\/\/flangemanagement.com\/\",\"name\":\"Flange Management\",\"description\":\"Engineers in joint integrity\",\"publisher\":{\"@id\":\"https:\/\/flangemanagement.com\/#organization\"},\"potentialAction\":[{\"@type\":\"SearchAction\",\"target\":{\"@type\":\"EntryPoint\",\"urlTemplate\":\"https:\/\/flangemanagement.com\/?s={search_term_string}\"},\"query-input\":{\"@type\":\"PropertyValueSpecification\",\"valueRequired\":true,\"valueName\":\"search_term_string\"}}],\"inLanguage\":\"de\"},{\"@type\":\"Organization\",\"@id\":\"https:\/\/flangemanagement.com\/#organization\",\"name\":\"Flange Management\",\"alternateName\":\"Flange Management\",\"url\":\"https:\/\/flangemanagement.com\/\",\"logo\":{\"@type\":\"ImageObject\",\"inLanguage\":\"de\",\"@id\":\"https:\/\/flangemanagement.com\/#\/schema\/logo\/image\/\",\"url\":\"https:\/\/flangemanagement.com\/wp-content\/uploads\/2022\/12\/Favicon-512x512-1.png\",\"contentUrl\":\"https:\/\/flangemanagement.com\/wp-content\/uploads\/2022\/12\/Favicon-512x512-1.png\",\"width\":512,\"height\":512,\"caption\":\"Flange Management\"},\"image\":{\"@id\":\"https:\/\/flangemanagement.com\/#\/schema\/logo\/image\/\"},\"sameAs\":[\"https:\/\/www.facebook.com\/flangemanagement\",\"https:\/\/www.linkedin.com\/company\/flangemanagement\/\"]}]}<\/script>\n<!-- \/ Yoast SEO plugin. -->","yoast_head_json":{"title":"Flange Management \u2013 Das unabh\u00e4ngige Ingenieurunternehmen","description":"Flange Management liefert Verbindungsintegrit\u00e4t, Verifizierung und auditf\u00e4hige Compliance-Dokumentation f\u00fcr kritische Schraubenverbindungen \u2013 unabh\u00e4ngiges, normenbasiertes Engineering.","robots":{"index":"index","follow":"follow","max-snippet":"max-snippet:-1","max-image-preview":"max-image-preview:large","max-video-preview":"max-video-preview:-1"},"canonical":"https:\/\/flangemanagement.com\/de\/home\/","og_locale":"de_DE","og_type":"article","og_title":"Flange Management \u2013 Das unabh\u00e4ngige Ingenieurunternehmen","og_description":"Flange Management liefert Verbindungsintegrit\u00e4t, Verifizierung und auditf\u00e4hige Compliance-Dokumentation f\u00fcr kritische Schraubenverbindungen \u2013 unabh\u00e4ngiges, normenbasiertes Engineering.","og_url":"https:\/\/flangemanagement.com\/de\/home\/","og_site_name":"Flange Management","article_publisher":"https:\/\/www.facebook.com\/flangemanagement","article_modified_time":"2026-02-27T13:46:40+00:00","twitter_card":"summary_large_image","twitter_misc":{"Gesch\u00e4tzte Lesezeit":"20\u00a0Minuten"},"schema":{"@context":"https:\/\/schema.org","@graph":[{"@type":"WebPage","@id":"https:\/\/flangemanagement.com\/de\/home\/","url":"https:\/\/flangemanagement.com\/de\/home\/","name":"Flange Management \u2013 Das unabh\u00e4ngige Ingenieurunternehmen","isPartOf":{"@id":"https:\/\/flangemanagement.com\/#website"},"datePublished":"2026-02-26T08:51:20+00:00","dateModified":"2026-02-27T13:46:40+00:00","description":"Flange Management liefert Verbindungsintegrit\u00e4t, Verifizierung und auditf\u00e4hige Compliance-Dokumentation f\u00fcr kritische Schraubenverbindungen \u2013 unabh\u00e4ngiges, normenbasiertes Engineering.","breadcrumb":{"@id":"https:\/\/flangemanagement.com\/de\/home\/#breadcrumb"},"inLanguage":"de","potentialAction":[{"@type":"ReadAction","target":["https:\/\/flangemanagement.com\/de\/home\/"]}]},{"@type":"BreadcrumbList","@id":"https:\/\/flangemanagement.com\/de\/home\/#breadcrumb","itemListElement":[{"@type":"ListItem","position":1,"name":"Home","item":"https:\/\/flangemanagement.com\/de\/home\/"},{"@type":"ListItem","position":2,"name":"Home"}]},{"@type":"WebSite","@id":"https:\/\/flangemanagement.com\/#website","url":"https:\/\/flangemanagement.com\/","name":"Flange Management","description":"Engineers in joint integrity","publisher":{"@id":"https:\/\/flangemanagement.com\/#organization"},"potentialAction":[{"@type":"SearchAction","target":{"@type":"EntryPoint","urlTemplate":"https:\/\/flangemanagement.com\/?s={search_term_string}"},"query-input":{"@type":"PropertyValueSpecification","valueRequired":true,"valueName":"search_term_string"}}],"inLanguage":"de"},{"@type":"Organization","@id":"https:\/\/flangemanagement.com\/#organization","name":"Flange Management","alternateName":"Flange Management","url":"https:\/\/flangemanagement.com\/","logo":{"@type":"ImageObject","inLanguage":"de","@id":"https:\/\/flangemanagement.com\/#\/schema\/logo\/image\/","url":"https:\/\/flangemanagement.com\/wp-content\/uploads\/2022\/12\/Favicon-512x512-1.png","contentUrl":"https:\/\/flangemanagement.com\/wp-content\/uploads\/2022\/12\/Favicon-512x512-1.png","width":512,"height":512,"caption":"Flange Management"},"image":{"@id":"https:\/\/flangemanagement.com\/#\/schema\/logo\/image\/"},"sameAs":["https:\/\/www.facebook.com\/flangemanagement","https:\/\/www.linkedin.com\/company\/flangemanagement\/"]}]}},"_links":{"self":[{"href":"https:\/\/flangemanagement.com\/de\/wp-json\/wp\/v2\/pages\/822","targetHints":{"allow":["GET"]}}],"collection":[{"href":"https:\/\/flangemanagement.com\/de\/wp-json\/wp\/v2\/pages"}],"about":[{"href":"https:\/\/flangemanagement.com\/de\/wp-json\/wp\/v2\/types\/page"}],"author":[{"embeddable":true,"href":"https:\/\/flangemanagement.com\/de\/wp-json\/wp\/v2\/users\/1"}],"replies":[{"embeddable":true,"href":"https:\/\/flangemanagement.com\/de\/wp-json\/wp\/v2\/comments?post=822"}],"version-history":[{"count":14,"href":"https:\/\/flangemanagement.com\/de\/wp-json\/wp\/v2\/pages\/822\/revisions"}],"predecessor-version":[{"id":1071,"href":"https:\/\/flangemanagement.com\/de\/wp-json\/wp\/v2\/pages\/822\/revisions\/1071"}],"wp:attachment":[{"href":"https:\/\/flangemanagement.com\/de\/wp-json\/wp\/v2\/media?parent=822"}],"curies":[{"name":"wp","href":"https:\/\/api.w.org\/{rel}","templated":true}]}}