{"id":1027,"date":"2022-12-09T14:13:10","date_gmt":"2022-12-09T14:13:10","guid":{"rendered":"https:\/\/flangemanagement.com\/sobre-nosotros\/"},"modified":"2026-01-27T21:27:14","modified_gmt":"2026-01-27T21:27:14","slug":"sobre-nosotros","status":"publish","type":"page","link":"https:\/\/flangemanagement.com\/es\/sobre-nosotros\/","title":{"rendered":"Sobre nosotros"},"content":{"rendered":"<div class=\"fusion-fullwidth fullwidth-box fusion-builder-row-1 fusion-flex-container has-pattern-background has-mask-background nonhundred-percent-fullwidth non-hundred-percent-height-scrolling\" style=\"--awb-border-radius-top-left:0px;--awb-border-radius-top-right:0px;--awb-border-radius-bottom-right:0px;--awb-border-radius-bottom-left:0px;--awb-flex-wrap:wrap;\" ><div class=\"fusion-builder-row fusion-row fusion-flex-align-items-flex-start fusion-flex-content-wrap\" style=\"max-width:1248px;margin-left: calc(-4% \/ 2 );margin-right: calc(-4% \/ 2 );\"><div class=\"fusion-layout-column fusion_builder_column fusion-builder-column-0 fusion_builder_column_1_1 1_1 fusion-flex-column\" style=\"--awb-bg-size:cover;--awb-width-large:100%;--awb-spacing-right-large:1.92%;--awb-spacing-left-large:1.92%;--awb-width-medium:100%;--awb-order-medium:0;--awb-spacing-right-medium:1.92%;--awb-spacing-left-medium:1.92%;--awb-width-small:100%;--awb-order-small:0;--awb-spacing-right-small:1.92%;--awb-spacing-left-small:1.92%;\"><div class=\"fusion-column-wrapper fusion-column-has-shadow fusion-flex-justify-content-flex-start fusion-content-layout-column\"><div class=\"fusion-text fusion-text-1\"><h2>Sobre nosotros<\/h2>\n<\/p>\n<p><strong>Flange Management<\/strong> es una firma de ingenier\u00eda neerlandesa independiente con sede en \u00c1msterdam, especializada en la integridad de uniones en los sectores de la energ\u00eda, petr\u00f3leo &amp; gas y petroqu\u00edmica. Con una s\u00f3lida experiencia en tecnolog\u00eda de bridas, comprendemos los desaf\u00edos espec\u00edficos a los que se enfrentan nuestros clientes y ofrecemos soluciones que garantizan operaciones seguras, eficientes y sin interrupciones.<\/p>\n<\/p>\n<p>Estamos comprometidos con mejorar la fiabilidad, integridad, disponibilidad y vida \u00fatil de las conexiones bridadas. Al reducir significativamente las paradas no planificadas causadas por uniones con fugas, ayudamos a nuestros clientes a ahorrar tiempo valioso, recursos y costes operativos.<\/p>\n<\/p>\n<p>Proporcionamos c\u00e1lculos de bridas precisos que protegen la calidad de los sistemas de tuber\u00edas y permiten la verificaci\u00f3n continua de la integridad de las bridas, incluso mientras las instalaciones permanecen en operaci\u00f3n. Al mejorar la calidad y durabilidad de las uniones bridadas, nuestro enfoque establece una base trazable para la fiabilidad a largo plazo de los activos y una reducci\u00f3n de costes medible.<\/p>\n<\/div><div class=\"fusion-text fusion-text-2\"><h2>Declaraci\u00f3n de misi\u00f3n<\/h2>\n<h3>Ofrecer soluciones sin fugas<\/h3>\n<p>Una conexi\u00f3n bridada es un sistema mec\u00e1nico sofisticado. Lograr una uni\u00f3n sin fugas requiere precisi\u00f3n, experiencia y control: cada decisi\u00f3n, desde el dise\u00f1o hasta el apriete, debe mantenerse dentro de l\u00edmites de ingenier\u00eda estrictos.<\/p>\n<p>En <strong>Flange Management<\/strong>, convertimos la complejidad en claridad. Cada c\u00e1lculo generado por nuestro <strong>software propietario FlangeUp\u00ae<\/strong> se revisa rigurosamente por ingenieros cualificados para garantizar exactitud, repetibilidad y cumplimiento de normas internacionales.<\/p>\n<h3>Flange Management \u2014 General<\/h3>\n<p>Los propietarios de plantas afrontan una presi\u00f3n creciente para reducir las emisiones fugitivas debido al endurecimiento de la normativa ambiental, las exigencias de seguridad y las expectativas de rendimiento. El coste de las fugas \u2014p\u00e9rdida de producto, limpieza, multas y da\u00f1o reputacional\u2014 es alto.<br \/><strong>Flange Management<\/strong> ofrece un conjunto completo de servicios de ingenier\u00eda para minimizar estos riesgos y garantizar puestas en marcha sin fugas y una operaci\u00f3n sostenible.<\/p>\n<p>Nuestros c\u00e1lculos verificados determinan la precarga correcta de los pernos, el par de apriete, la tensi\u00f3n en la junta y los l\u00edmites de montaje, formando la base de un sellado seguro. Ayudamos a los propietarios de activos a tomar decisiones de dise\u00f1o informadas e implementar los procedimientos adecuados para lograr mejoras de fiabilidad medibles.<\/p>\n<h3>Integridad de uniones<\/h3>\n<p>La falla mec\u00e1nica causada por el dise\u00f1o o la degradaci\u00f3n del material es la segunda fuente m\u00e1s com\u00fan de problemas en uniones de brida. La mayor\u00eda de las emisiones fugitivas se originan en uniones que se calcularon incorrectamente o se montaron de forma inadecuada.<\/p>\n<p>A trav\u00e9s de nuestro trabajo, <strong>Flange Management<\/strong> garantiza que cada uni\u00f3n de brida se calcule, verifique y documente para soportar sus esfuerzos operativos, protegiendo tanto a las personas como al medio ambiente.<\/p>\n<h3>Enfoque de ciclo de vida<\/h3>\n<p>La integridad comienza en el dise\u00f1o y debe continuar durante la construcci\u00f3n y la operaci\u00f3n.<\/p>\n<ul>\n<li><strong>Fase de dise\u00f1o:<\/strong> definir requisitos y realizar c\u00e1lculos verificados.<\/li>\n<li><strong>Fase de construcci\u00f3n:<\/strong> la inspecci\u00f3n y verificaci\u00f3n garantizan el cumplimiento.<\/li>\n<li><strong>Fase operativa:<\/strong> la revisi\u00f3n peri\u00f3dica y el mantenimiento preservan la fiabilidad.<\/li>\n<\/ul>\n<p>Nuestro soporte continuo permite a los propietarios mantener la seguridad y la integridad durante todo el ciclo de vida de sus activos.<\/p>\n<h3>Marco legal y normativo<\/h3>\n<p>Los propietarios de activos est\u00e1n legalmente obligados a prevenir fugas y mitigar riesgos. Les ayudamos a cumplir con este deber de diligencia aplicando normas reconocidas como <strong>EN 1591-1<\/strong>, <strong>ASME VIII<\/strong>, <strong>ASME PCC-1<\/strong> y especificaciones <strong>DIN\/EN<\/strong> relevantes. Nuestras metodolog\u00edas se alinean con sistemas de calidad y marcos ambientales reconocidos, asegurando que cada paso de dise\u00f1o sea defendible y est\u00e9 documentado.<\/p>\n<h3>Nuestro objetivo<\/h3>\n<p>Nuestro objetivo es aumentar la concienciaci\u00f3n entre los propietarios de activos sobre los riesgos espec\u00edficos asociados a las uniones bridadas y guiarlos en el establecimiento de programas sistem\u00e1ticos de integridad durante la operaci\u00f3n.<br \/>Promovemos una cultura de prevenci\u00f3n, cumplimiento y excelencia t\u00e9cnica, ayudando a las organizaciones a pasar del mantenimiento reactivo a la gesti\u00f3n proactiva de la integridad.<\/p>\n<h3>Gesti\u00f3n sistem\u00e1tica de riesgos<\/h3>\n<p>Las uniones bridadas requieren una evaluaci\u00f3n t\u00e9cnica especializada y una gesti\u00f3n consistente. <strong>Flange Management<\/strong> integra sus servicios dentro de la metodolog\u00eda <strong>PDCA (Plan\u2013Do\u2013Check\u2013Act)<\/strong> para crear un Sistema de Gesti\u00f3n de Riesgos (RMS) estructurado, coherente, controlado y en mejora continua. Este enfoque garantiza que cada conexi\u00f3n bridada se gestione, supervise y mantenga con indicadores de rendimiento medibles.<\/p>\n<h3>Grupo objetivo<\/h3>\n<p><strong>Flange Management<\/strong> presta servicios a <strong>propietarios de activos, contratistas EPC y operadores<\/strong> que exigen una garant\u00eda medible de la integridad de las bridas.<br \/>Nuestros hallazgos, c\u00e1lculos y recomendaciones proporcionan una base clara y pr\u00e1ctica para lograr una operaci\u00f3n sin fugas y el cumplimiento total de la legislaci\u00f3n y de los est\u00e1ndares corporativos.<\/p>\n<h3>En esencia<\/h3>\n<p><strong>Flange Management<\/strong> aporta la certeza de ingenier\u00eda detr\u00e1s de cada uni\u00f3n, vinculando el c\u00e1lculo preciso, la documentaci\u00f3n verificada y la gesti\u00f3n responsable de activos a un \u00fanico objetivo: <strong>Leak-Free Performance.<\/strong><\/p>\n<\/div><\/div><\/div><\/div><\/div>\n","protected":false},"excerpt":{"rendered":"","protected":false},"author":1,"featured_media":0,"parent":0,"menu_order":4,"comment_status":"closed","ping_status":"closed","template":"","meta":{"footnotes":""},"class_list":["post-1027","page","type-page","status-publish","hentry"],"yoast_head":"<!-- This site is optimized with the Yoast SEO plugin v26.8 - https:\/\/yoast.com\/product\/yoast-seo-wordpress\/ -->\n<title>Sobre Flange Management<\/title>\n<meta name=\"description\" content=\"Flange Management es una empresa independiente. Estamos especializados en la integridad de uniones en las industrias de la energ\u00eda, del petr\u00f3leo y gas, y de la petroqu\u00edmica.\" \/>\n<meta name=\"robots\" content=\"index, follow, max-snippet:-1, max-image-preview:large, max-video-preview:-1\" \/>\n<link rel=\"canonical\" href=\"https:\/\/flangemanagement.com\/about-us\/\" \/>\n<meta property=\"og:locale\" content=\"es_ES\" \/>\n<meta property=\"og:type\" content=\"article\" \/>\n<meta property=\"og:title\" content=\"Sobre Flange Management\" \/>\n<meta property=\"og:description\" content=\"Flange Management es una empresa independiente. Estamos especializados en la integridad de uniones en las industrias de la energ\u00eda, del petr\u00f3leo y gas, y de la petroqu\u00edmica.\" \/>\n<meta property=\"og:url\" content=\"https:\/\/flangemanagement.com\/about-us\/\" \/>\n<meta property=\"og:site_name\" content=\"Flange Management\" \/>\n<meta property=\"article:publisher\" content=\"https:\/\/www.facebook.com\/flangemanagement\" \/>\n<meta property=\"article:modified_time\" content=\"2026-01-27T21:27:14+00:00\" \/>\n<meta name=\"twitter:card\" content=\"summary_large_image\" \/>\n<meta name=\"twitter:label1\" content=\"Tiempo de lectura\" \/>\n\t<meta name=\"twitter:data1\" content=\"9 minutos\" \/>\n<script type=\"application\/ld+json\" class=\"yoast-schema-graph\">{\"@context\":\"https:\/\/schema.org\",\"@graph\":[{\"@type\":\"WebPage\",\"@id\":\"https:\/\/flangemanagement.com\/about-us\/\",\"url\":\"https:\/\/flangemanagement.com\/about-us\/\",\"name\":\"Sobre Flange Management\",\"isPartOf\":{\"@id\":\"https:\/\/flangemanagement.com\/#website\"},\"datePublished\":\"2022-12-09T14:13:10+00:00\",\"dateModified\":\"2026-01-27T21:27:14+00:00\",\"description\":\"Flange Management es una empresa independiente. Estamos especializados en la integridad de uniones en las industrias de la energ\u00eda, del petr\u00f3leo y gas, y de la petroqu\u00edmica.\",\"breadcrumb\":{\"@id\":\"https:\/\/flangemanagement.com\/about-us\/#breadcrumb\"},\"inLanguage\":\"es\",\"potentialAction\":[{\"@type\":\"ReadAction\",\"target\":[\"https:\/\/flangemanagement.com\/about-us\/\"]}]},{\"@type\":\"BreadcrumbList\",\"@id\":\"https:\/\/flangemanagement.com\/about-us\/#breadcrumb\",\"itemListElement\":[{\"@type\":\"ListItem\",\"position\":1,\"name\":\"Home\",\"item\":\"https:\/\/flangemanagement.com\/es\/inicio\/\"},{\"@type\":\"ListItem\",\"position\":2,\"name\":\"Sobre nosotros\"}]},{\"@type\":\"WebSite\",\"@id\":\"https:\/\/flangemanagement.com\/#website\",\"url\":\"https:\/\/flangemanagement.com\/\",\"name\":\"Flange Management\",\"description\":\"Engineers in joint integrity\",\"publisher\":{\"@id\":\"https:\/\/flangemanagement.com\/#organization\"},\"potentialAction\":[{\"@type\":\"SearchAction\",\"target\":{\"@type\":\"EntryPoint\",\"urlTemplate\":\"https:\/\/flangemanagement.com\/?s={search_term_string}\"},\"query-input\":{\"@type\":\"PropertyValueSpecification\",\"valueRequired\":true,\"valueName\":\"search_term_string\"}}],\"inLanguage\":\"es\"},{\"@type\":\"Organization\",\"@id\":\"https:\/\/flangemanagement.com\/#organization\",\"name\":\"Flange Management\",\"alternateName\":\"Flange Management\",\"url\":\"https:\/\/flangemanagement.com\/\",\"logo\":{\"@type\":\"ImageObject\",\"inLanguage\":\"es\",\"@id\":\"https:\/\/flangemanagement.com\/#\/schema\/logo\/image\/\",\"url\":\"https:\/\/flangemanagement.com\/wp-content\/uploads\/2022\/12\/Favicon-512x512-1.png\",\"contentUrl\":\"https:\/\/flangemanagement.com\/wp-content\/uploads\/2022\/12\/Favicon-512x512-1.png\",\"width\":512,\"height\":512,\"caption\":\"Flange Management\"},\"image\":{\"@id\":\"https:\/\/flangemanagement.com\/#\/schema\/logo\/image\/\"},\"sameAs\":[\"https:\/\/www.facebook.com\/flangemanagement\",\"https:\/\/www.linkedin.com\/company\/flangemanagement\/\"]}]}<\/script>\n<!-- \/ Yoast SEO plugin. -->","yoast_head_json":{"title":"Sobre Flange Management","description":"Flange Management es una empresa independiente. Estamos especializados en la integridad de uniones en las industrias de la energ\u00eda, del petr\u00f3leo y gas, y de la petroqu\u00edmica.","robots":{"index":"index","follow":"follow","max-snippet":"max-snippet:-1","max-image-preview":"max-image-preview:large","max-video-preview":"max-video-preview:-1"},"canonical":"https:\/\/flangemanagement.com\/about-us\/","og_locale":"es_ES","og_type":"article","og_title":"Sobre Flange Management","og_description":"Flange Management es una empresa independiente. Estamos especializados en la integridad de uniones en las industrias de la energ\u00eda, del petr\u00f3leo y gas, y de la petroqu\u00edmica.","og_url":"https:\/\/flangemanagement.com\/about-us\/","og_site_name":"Flange Management","article_publisher":"https:\/\/www.facebook.com\/flangemanagement","article_modified_time":"2026-01-27T21:27:14+00:00","twitter_card":"summary_large_image","twitter_misc":{"Tiempo de lectura":"9 minutos"},"schema":{"@context":"https:\/\/schema.org","@graph":[{"@type":"WebPage","@id":"https:\/\/flangemanagement.com\/about-us\/","url":"https:\/\/flangemanagement.com\/about-us\/","name":"Sobre Flange Management","isPartOf":{"@id":"https:\/\/flangemanagement.com\/#website"},"datePublished":"2022-12-09T14:13:10+00:00","dateModified":"2026-01-27T21:27:14+00:00","description":"Flange Management es una empresa independiente. Estamos especializados en la integridad de uniones en las industrias de la energ\u00eda, del petr\u00f3leo y gas, y de la petroqu\u00edmica.","breadcrumb":{"@id":"https:\/\/flangemanagement.com\/about-us\/#breadcrumb"},"inLanguage":"es","potentialAction":[{"@type":"ReadAction","target":["https:\/\/flangemanagement.com\/about-us\/"]}]},{"@type":"BreadcrumbList","@id":"https:\/\/flangemanagement.com\/about-us\/#breadcrumb","itemListElement":[{"@type":"ListItem","position":1,"name":"Home","item":"https:\/\/flangemanagement.com\/es\/inicio\/"},{"@type":"ListItem","position":2,"name":"Sobre nosotros"}]},{"@type":"WebSite","@id":"https:\/\/flangemanagement.com\/#website","url":"https:\/\/flangemanagement.com\/","name":"Flange Management","description":"Engineers in joint integrity","publisher":{"@id":"https:\/\/flangemanagement.com\/#organization"},"potentialAction":[{"@type":"SearchAction","target":{"@type":"EntryPoint","urlTemplate":"https:\/\/flangemanagement.com\/?s={search_term_string}"},"query-input":{"@type":"PropertyValueSpecification","valueRequired":true,"valueName":"search_term_string"}}],"inLanguage":"es"},{"@type":"Organization","@id":"https:\/\/flangemanagement.com\/#organization","name":"Flange Management","alternateName":"Flange Management","url":"https:\/\/flangemanagement.com\/","logo":{"@type":"ImageObject","inLanguage":"es","@id":"https:\/\/flangemanagement.com\/#\/schema\/logo\/image\/","url":"https:\/\/flangemanagement.com\/wp-content\/uploads\/2022\/12\/Favicon-512x512-1.png","contentUrl":"https:\/\/flangemanagement.com\/wp-content\/uploads\/2022\/12\/Favicon-512x512-1.png","width":512,"height":512,"caption":"Flange Management"},"image":{"@id":"https:\/\/flangemanagement.com\/#\/schema\/logo\/image\/"},"sameAs":["https:\/\/www.facebook.com\/flangemanagement","https:\/\/www.linkedin.com\/company\/flangemanagement\/"]}]}},"_links":{"self":[{"href":"https:\/\/flangemanagement.com\/es\/wp-json\/wp\/v2\/pages\/1027","targetHints":{"allow":["GET"]}}],"collection":[{"href":"https:\/\/flangemanagement.com\/es\/wp-json\/wp\/v2\/pages"}],"about":[{"href":"https:\/\/flangemanagement.com\/es\/wp-json\/wp\/v2\/types\/page"}],"author":[{"embeddable":true,"href":"https:\/\/flangemanagement.com\/es\/wp-json\/wp\/v2\/users\/1"}],"replies":[{"embeddable":true,"href":"https:\/\/flangemanagement.com\/es\/wp-json\/wp\/v2\/comments?post=1027"}],"version-history":[{"count":2,"href":"https:\/\/flangemanagement.com\/es\/wp-json\/wp\/v2\/pages\/1027\/revisions"}],"predecessor-version":[{"id":1029,"href":"https:\/\/flangemanagement.com\/es\/wp-json\/wp\/v2\/pages\/1027\/revisions\/1029"}],"wp:attachment":[{"href":"https:\/\/flangemanagement.com\/es\/wp-json\/wp\/v2\/media?parent=1027"}],"curies":[{"name":"wp","href":"https:\/\/api.w.org\/{rel}","templated":true}]}}