{"id":829,"date":"2026-02-26T08:51:20","date_gmt":"2026-02-26T08:51:20","guid":{"rendered":"https:\/\/flangemanagement.com\/inicio\/"},"modified":"2026-02-27T13:46:40","modified_gmt":"2026-02-27T13:46:40","slug":"inicio","status":"publish","type":"page","link":"https:\/\/flangemanagement.com\/es\/","title":{"rendered":"Inicio"},"content":{"rendered":"<p><div class=\"fusion-fullwidth fullwidth-box fusion-builder-row-1 fusion-flex-container has-pattern-background has-mask-background nonhundred-percent-fullwidth non-hundred-percent-height-scrolling fusion-animated\" style=\"--awb-border-radius-top-left:0px;--awb-border-radius-top-right:0px;--awb-border-radius-bottom-right:0px;--awb-border-radius-bottom-left:0px;--awb-flex-wrap:wrap;\" data-animationType=\"fadeInUp\" data-animationDuration=\"1.0\" data-animationOffset=\"top-into-view\" ><div class=\"fusion-builder-row fusion-row fusion-flex-align-items-flex-start fusion-flex-content-wrap\" style=\"max-width:1248px;margin-left: calc(-4% \/ 2 );margin-right: calc(-4% \/ 2 );\"><div class=\"fusion-layout-column fusion_builder_column fusion-builder-column-0 fusion_builder_column_1_1 1_1 fusion-flex-column\" style=\"--awb-bg-size:cover;--awb-width-large:100%;--awb-spacing-right-large:1.92%;--awb-spacing-left-large:1.92%;--awb-width-medium:100%;--awb-order-medium:0;--awb-spacing-right-medium:1.92%;--awb-spacing-left-medium:1.92%;--awb-width-small:100%;--awb-order-small:0;--awb-spacing-right-small:1.92%;--awb-spacing-left-small:1.92%;\"><div class=\"fusion-column-wrapper fusion-column-has-shadow fusion-flex-justify-content-flex-start fusion-content-layout-column\"><div class=\"fusion-text fusion-text-1\"><h1>Flange Management<\/h1>\n<p>Flange Management es el nombre comercial de Flange Management B.V., una firma de ingenier\u00eda independiente con sede en \u00c1msterdam. Nos especializamos en el dise\u00f1o y la verificaci\u00f3n de uniones de brida, as\u00ed como en documentaci\u00f3n de cumplimiento para uniones atornilladas cr\u00edticas. Proporcionamos evidencia lista para auditor\u00eda que demuestra que los c\u00e1lculos, las suposiciones y los requisitos de montaje cumplen con las normas aplicables a sus activos.<\/p>\n<p>No solo calculamos: documentamos evidencia. Evidencia de que sus uniones de brida han sido dise\u00f1adas, verificadas y montadas de acuerdo con las normas que sus activos requieren. Cuando un regulador, un inspector o un auditor interno pregunta: \u00abMu\u00e9streme c\u00f3mo se verific\u00f3 esta uni\u00f3n\u00bb, necesita m\u00e1s que un c\u00e1lculo: necesita evidencia clara y defendible.<\/p>\n<\/div><\/div><\/div><\/div><\/div><div class=\"fusion-fullwidth fullwidth-box fusion-builder-row-2 fusion-flex-container has-pattern-background has-mask-background nonhundred-percent-fullwidth non-hundred-percent-height-scrolling fusion-animated\" style=\"--awb-border-radius-top-left:0px;--awb-border-radius-top-right:0px;--awb-border-radius-bottom-right:0px;--awb-border-radius-bottom-left:0px;--awb-flex-wrap:wrap;\" data-animationType=\"fadeInUp\" data-animationDuration=\"1.0\" data-animationOffset=\"top-into-view\" ><div class=\"fusion-builder-row fusion-row fusion-flex-align-items-flex-start fusion-flex-content-wrap\" style=\"max-width:1248px;margin-left: calc(-4% \/ 2 );margin-right: calc(-4% \/ 2 );\"><div class=\"fusion-layout-column fusion_builder_column fusion-builder-column-1 fusion_builder_column_1_1 1_1 fusion-flex-column\" style=\"--awb-bg-size:cover;--awb-width-large:100%;--awb-spacing-right-large:1.92%;--awb-spacing-left-large:1.92%;--awb-width-medium:100%;--awb-order-medium:0;--awb-spacing-right-medium:1.92%;--awb-spacing-left-medium:1.92%;--awb-width-small:100%;--awb-order-small:0;--awb-spacing-right-small:1.92%;--awb-spacing-left-small:1.92%;\"><div class=\"fusion-column-wrapper fusion-column-has-shadow fusion-flex-justify-content-flex-start fusion-content-layout-column\"><\/div><\/div><div class=\"fusion-layout-column fusion_builder_column fusion-builder-column-2 fusion_builder_column_1_3 1_3 fusion-flex-column\" style=\"--awb-bg-size:cover;--awb-width-large:33.333333333333%;--awb-spacing-right-large:5.76%;--awb-spacing-left-large:5.76%;--awb-width-medium:33.333333333333%;--awb-order-medium:0;--awb-spacing-right-medium:5.76%;--awb-spacing-left-medium:5.76%;--awb-width-small:100%;--awb-order-small:0;--awb-spacing-right-small:1.92%;--awb-spacing-left-small:1.92%;\"><div class=\"fusion-column-wrapper fusion-column-has-shadow fusion-flex-justify-content-flex-start fusion-content-layout-column\"><div class=\"fusion-text fusion-text-2\"><h2>Lo que hacemos<\/h2>\n<\/div><ul style=\"--awb-line-height:27.2px;--awb-icon-width:27.2px;--awb-icon-height:27.2px;--awb-icon-margin:11.2px;--awb-content-margin:38.4px;--awb-circlecolor:#619e85;--awb-circle-yes-font-size:14.08px;\" class=\"fusion-checklist fusion-checklist-1 fusion-checklist-default type-icons\"><li class=\"fusion-li-item\" style=\"\"><span class=\"icon-wrapper circle-yes\"><i class=\"fusion-li-icon awb-icon-check\" aria-hidden=\"true\"><\/i><\/span><div class=\"fusion-li-item-content\">\n<p>Servicios de dise\u00f1o &amp; verificaci\u00f3n de uniones de brida<\/p>\n<\/div><\/li><li class=\"fusion-li-item\" style=\"\"><span class=\"icon-wrapper circle-yes\"><i class=\"fusion-li-icon awb-icon-check\" aria-hidden=\"true\"><\/i><\/span><div class=\"fusion-li-item-content\">\n<p>C\u00e1lculos de ingenier\u00eda basados en normas<\/p>\n<\/div><\/li><li class=\"fusion-li-item\" style=\"\"><span class=\"icon-wrapper circle-yes\"><i class=\"fusion-li-icon awb-icon-check\" aria-hidden=\"true\"><\/i><\/span><div class=\"fusion-li-item-content\">\n<p>Revisi\u00f3n de ingenier\u00eda independiente<\/p>\n<\/div><\/li><li class=\"fusion-li-item\" style=\"\"><span class=\"icon-wrapper circle-yes\"><i class=\"fusion-li-icon awb-icon-check\" aria-hidden=\"true\"><\/i><\/span><div class=\"fusion-li-item-content\">\n<p>Programas de integridad de bridas a nivel de planta<\/p>\n<\/div><\/li><\/ul><\/div><\/div><div class=\"fusion-layout-column fusion_builder_column fusion-builder-column-3 fusion_builder_column_1_3 1_3 fusion-flex-column\" style=\"--awb-bg-size:cover;--awb-width-large:33.333333333333%;--awb-spacing-right-large:5.76%;--awb-spacing-left-large:5.76%;--awb-width-medium:33.333333333333%;--awb-order-medium:0;--awb-spacing-right-medium:5.76%;--awb-spacing-left-medium:5.76%;--awb-width-small:100%;--awb-order-small:0;--awb-spacing-right-small:1.92%;--awb-spacing-left-small:1.92%;\"><div class=\"fusion-column-wrapper fusion-column-has-shadow fusion-flex-justify-content-flex-start fusion-content-layout-column\"><div class=\"fusion-text fusion-text-3\"><h2>C\u00f3mo trabajamos<\/h2>\n<\/div><ul style=\"--awb-line-height:27.2px;--awb-icon-width:27.2px;--awb-icon-height:27.2px;--awb-icon-margin:11.2px;--awb-content-margin:38.4px;--awb-circlecolor:#619e85;--awb-circle-yes-font-size:14.08px;\" class=\"fusion-checklist fusion-checklist-2 fusion-checklist-default type-icons\"><li class=\"fusion-li-item\" style=\"\"><span class=\"icon-wrapper circle-yes\"><i class=\"fusion-li-icon awb-icon-check\" aria-hidden=\"true\"><\/i><\/span><div class=\"fusion-li-item-content\">\n<p>Definir el alcance &amp; las suposiciones<\/p>\n<\/div><\/li><li class=\"fusion-li-item\" style=\"\"><span class=\"icon-wrapper circle-yes\"><i class=\"fusion-li-icon awb-icon-check\" aria-hidden=\"true\"><\/i><\/span><div class=\"fusion-li-item-content\">\n<p>Calcular, verificar &amp; cuestionar<\/p>\n<\/div><\/li><li class=\"fusion-li-item\" style=\"\"><span class=\"icon-wrapper circle-yes\"><i class=\"fusion-li-icon awb-icon-check\" aria-hidden=\"true\"><\/i><\/span><div class=\"fusion-li-item-content\">\n<p>Documentar &amp; garantizar la trazabilidad<\/p>\n<\/div><\/li><li class=\"fusion-li-item\" style=\"\"><span class=\"icon-wrapper circle-yes\"><i class=\"fusion-li-icon awb-icon-check\" aria-hidden=\"true\"><\/i><\/span><div class=\"fusion-li-item-content\">\n<p>Mejorar &amp; sostener el cumplimiento<\/p>\n<\/div><\/li><\/ul><\/div><\/div><div class=\"fusion-layout-column fusion_builder_column fusion-builder-column-4 fusion_builder_column_1_3 1_3 fusion-flex-column\" style=\"--awb-bg-size:cover;--awb-width-large:33.333333333333%;--awb-spacing-right-large:5.76%;--awb-spacing-left-large:5.76%;--awb-width-medium:33.333333333333%;--awb-order-medium:0;--awb-spacing-right-medium:5.76%;--awb-spacing-left-medium:5.76%;--awb-width-small:100%;--awb-order-small:0;--awb-spacing-right-small:1.92%;--awb-spacing-left-small:1.92%;\"><div class=\"fusion-column-wrapper fusion-column-has-shadow fusion-flex-justify-content-flex-start fusion-content-layout-column\"><div class=\"fusion-text fusion-text-4\"><h2>D\u00f3nde aportamos valor<\/h2>\n<\/div><ul style=\"--awb-line-height:27.2px;--awb-icon-width:27.2px;--awb-icon-height:27.2px;--awb-icon-margin:11.2px;--awb-content-margin:38.4px;--awb-circlecolor:#619e85;--awb-circle-yes-font-size:14.08px;\" class=\"fusion-checklist fusion-checklist-3 fusion-checklist-default type-icons\"><li class=\"fusion-li-item\" style=\"\"><span class=\"icon-wrapper circle-yes\"><i class=\"fusion-li-icon awb-icon-check\" aria-hidden=\"true\"><\/i><\/span><div class=\"fusion-li-item-content\">\n<p>Refiner\u00edas &amp; petroqu\u00edmica<\/p>\n<\/div><\/li><li class=\"fusion-li-item\" style=\"\"><span class=\"icon-wrapper circle-yes\"><i class=\"fusion-li-icon awb-icon-check\" aria-hidden=\"true\"><\/i><\/span><div class=\"fusion-li-item-content\">\n<p>Procesamiento de gas &amp; GNL<\/p>\n<\/div><\/li><li class=\"fusion-li-item\" style=\"\"><span class=\"icon-wrapper circle-yes\"><i class=\"fusion-li-icon awb-icon-check\" aria-hidden=\"true\"><\/i><\/span><div class=\"fusion-li-item-content\">\n<p>Generaci\u00f3n de energ\u00eda &amp; servicios p\u00fablicos<\/p>\n<\/div><\/li><li class=\"fusion-li-item\" style=\"\"><span class=\"icon-wrapper circle-yes\"><i class=\"fusion-li-icon awb-icon-check\" aria-hidden=\"true\"><\/i><\/span><div class=\"fusion-li-item-content\">\n<p>Sistemas mec\u00e1nicos cr\u00edticos<\/p>\n<\/div><\/li><\/ul><\/div><\/div><\/div><\/div><div class=\"fusion-fullwidth fullwidth-box fusion-builder-row-3 fusion-flex-container has-pattern-background has-mask-background nonhundred-percent-fullwidth non-hundred-percent-height-scrolling fusion-animated\" style=\"--awb-border-radius-top-left:0px;--awb-border-radius-top-right:0px;--awb-border-radius-bottom-right:0px;--awb-border-radius-bottom-left:0px;--awb-flex-wrap:wrap;\" data-animationType=\"fadeInUp\" data-animationDuration=\"1.0\" data-animationOffset=\"top-into-view\" ><div class=\"fusion-builder-row fusion-row fusion-flex-align-items-flex-start fusion-flex-content-wrap\" style=\"max-width:1248px;margin-left: calc(-4% \/ 2 );margin-right: calc(-4% \/ 2 );\"><div class=\"fusion-layout-column fusion_builder_column fusion-builder-column-5 fusion_builder_column_1_1 1_1 fusion-flex-column\" style=\"--awb-bg-size:cover;--awb-width-large:100%;--awb-spacing-right-large:1.92%;--awb-spacing-left-large:1.92%;--awb-width-medium:100%;--awb-order-medium:0;--awb-spacing-right-medium:1.92%;--awb-spacing-left-medium:1.92%;--awb-width-small:100%;--awb-order-small:0;--awb-spacing-right-small:1.92%;--awb-spacing-left-small:1.92%;\"><div class=\"fusion-column-wrapper fusion-column-has-shadow fusion-flex-justify-content-flex-start fusion-content-layout-column\"><div class=\"fusion-text fusion-text-5\"><h2>Por qu\u00e9 esto importa<\/h2>\n<p>Las uniones de brida fallan en el papel mucho antes de fallar en campo. La falta de documentaci\u00f3n, suposiciones poco claras o c\u00e1lculos no verificables exponen a los propietarios de activos a hallazgos de inspecci\u00f3n, paradas no planificadas, riesgos de integridad y preguntas de responsabilidad tras un incidente. La ingenier\u00eda sin evidencia trazable no es ingenier\u00eda terminada.<\/p>\n<h2>Normas &amp; cumplimiento<\/h2>\n<p>Calculamos, verificamos y documentamos conforme a las normas y c\u00f3digos aplicables a sus activos, incluidas metodolog\u00edas europeas y ASME de dise\u00f1o de bridas, directrices de montaje y especificaciones del cliente.<\/p>\n<p>Nuestros entregables est\u00e1n dise\u00f1ados para hacer expl\u00edcito el cumplimiento, hacer visibles las suposiciones y respaldar t\u00e9cnicamente la ingenier\u00eda. \u00bfBusca una prueba formal de cumplimiento de dise\u00f1o y montaje? Explore el <a href=\"https:\/\/flangemanagement.com\/es\/certificados\/\"><strong>FlangeUp\u00ae Compliance Certificate<\/strong><\/a>.<\/p>\n<h2>Independientes por dise\u00f1o<\/h2>\n<p>Flange Management opera de forma independiente de proveedores de pernos, fabricantes de juntas y contratistas de montaje. Nuestro \u00fanico inter\u00e9s es la correcci\u00f3n de ingenier\u00eda y la claridad del cumplimiento.<\/p>\n<h2>Est\u00e9 preparado cuando se solicite evidencia<\/h2>\n<p>Ya sea una uni\u00f3n cr\u00edtica o miles en toda una planta, le ayudamos a convertir la ingenier\u00eda de bridas en evidencia clara y lista para auditor\u00eda.<\/p>\n<\/div><\/div><\/div><\/div><\/div><\/p>\n","protected":false},"excerpt":{"rendered":"","protected":false},"author":1,"featured_media":0,"parent":0,"menu_order":1,"comment_status":"closed","ping_status":"closed","template":"100-width.php","meta":{"footnotes":""},"class_list":["post-829","page","type-page","status-publish","hentry"],"yoast_head":"<!-- This site is optimized with the Yoast SEO plugin v26.8 - https:\/\/yoast.com\/product\/yoast-seo-wordpress\/ -->\n<title>Flange Management \u2013 La Empresa de Ingenier\u00eda Independiente<\/title>\n<meta name=\"description\" content=\"Flange Management ofrece integridad de uniones, verificaci\u00f3n y documentaci\u00f3n de cumplimiento lista para auditor\u00eda para uniones atornilladas cr\u00edticas\u2014ingenier\u00eda independiente y basada en normas.\" \/>\n<meta name=\"robots\" content=\"index, follow, max-snippet:-1, max-image-preview:large, max-video-preview:-1\" \/>\n<link rel=\"canonical\" href=\"https:\/\/flangemanagement.com\/es\/inicio\/\" \/>\n<meta property=\"og:locale\" content=\"es_ES\" \/>\n<meta property=\"og:type\" content=\"article\" \/>\n<meta property=\"og:title\" content=\"Flange Management \u2013 La Empresa de Ingenier\u00eda Independiente\" \/>\n<meta property=\"og:description\" content=\"Flange Management ofrece integridad de uniones, verificaci\u00f3n y documentaci\u00f3n de cumplimiento lista para auditor\u00eda para uniones atornilladas cr\u00edticas\u2014ingenier\u00eda independiente y basada en normas.\" \/>\n<meta property=\"og:url\" content=\"https:\/\/flangemanagement.com\/es\/inicio\/\" \/>\n<meta property=\"og:site_name\" content=\"Flange Management\" \/>\n<meta property=\"article:publisher\" content=\"https:\/\/www.facebook.com\/flangemanagement\" \/>\n<meta property=\"article:modified_time\" content=\"2026-02-27T13:46:40+00:00\" \/>\n<meta name=\"twitter:card\" content=\"summary_large_image\" \/>\n<meta name=\"twitter:label1\" content=\"Tiempo de lectura\" \/>\n\t<meta name=\"twitter:data1\" content=\"20 minutos\" \/>\n<script type=\"application\/ld+json\" class=\"yoast-schema-graph\">{\"@context\":\"https:\/\/schema.org\",\"@graph\":[{\"@type\":\"WebPage\",\"@id\":\"https:\/\/flangemanagement.com\/es\/inicio\/\",\"url\":\"https:\/\/flangemanagement.com\/es\/inicio\/\",\"name\":\"Flange Management \u2013 La Empresa de Ingenier\u00eda Independiente\",\"isPartOf\":{\"@id\":\"https:\/\/flangemanagement.com\/#website\"},\"datePublished\":\"2026-02-26T08:51:20+00:00\",\"dateModified\":\"2026-02-27T13:46:40+00:00\",\"description\":\"Flange Management ofrece integridad de uniones, verificaci\u00f3n y documentaci\u00f3n de cumplimiento lista para auditor\u00eda para uniones atornilladas cr\u00edticas\u2014ingenier\u00eda independiente y basada en normas.\",\"breadcrumb\":{\"@id\":\"https:\/\/flangemanagement.com\/es\/inicio\/#breadcrumb\"},\"inLanguage\":\"es\",\"potentialAction\":[{\"@type\":\"ReadAction\",\"target\":[\"https:\/\/flangemanagement.com\/es\/inicio\/\"]}]},{\"@type\":\"BreadcrumbList\",\"@id\":\"https:\/\/flangemanagement.com\/es\/inicio\/#breadcrumb\",\"itemListElement\":[{\"@type\":\"ListItem\",\"position\":1,\"name\":\"Home\",\"item\":\"https:\/\/flangemanagement.com\/es\/inicio\/\"},{\"@type\":\"ListItem\",\"position\":2,\"name\":\"Inicio\"}]},{\"@type\":\"WebSite\",\"@id\":\"https:\/\/flangemanagement.com\/#website\",\"url\":\"https:\/\/flangemanagement.com\/\",\"name\":\"Flange Management\",\"description\":\"Engineers in joint integrity\",\"publisher\":{\"@id\":\"https:\/\/flangemanagement.com\/#organization\"},\"potentialAction\":[{\"@type\":\"SearchAction\",\"target\":{\"@type\":\"EntryPoint\",\"urlTemplate\":\"https:\/\/flangemanagement.com\/?s={search_term_string}\"},\"query-input\":{\"@type\":\"PropertyValueSpecification\",\"valueRequired\":true,\"valueName\":\"search_term_string\"}}],\"inLanguage\":\"es\"},{\"@type\":\"Organization\",\"@id\":\"https:\/\/flangemanagement.com\/#organization\",\"name\":\"Flange Management\",\"alternateName\":\"Flange Management\",\"url\":\"https:\/\/flangemanagement.com\/\",\"logo\":{\"@type\":\"ImageObject\",\"inLanguage\":\"es\",\"@id\":\"https:\/\/flangemanagement.com\/#\/schema\/logo\/image\/\",\"url\":\"https:\/\/flangemanagement.com\/wp-content\/uploads\/2022\/12\/Favicon-512x512-1.png\",\"contentUrl\":\"https:\/\/flangemanagement.com\/wp-content\/uploads\/2022\/12\/Favicon-512x512-1.png\",\"width\":512,\"height\":512,\"caption\":\"Flange Management\"},\"image\":{\"@id\":\"https:\/\/flangemanagement.com\/#\/schema\/logo\/image\/\"},\"sameAs\":[\"https:\/\/www.facebook.com\/flangemanagement\",\"https:\/\/www.linkedin.com\/company\/flangemanagement\/\"]}]}<\/script>\n<!-- \/ Yoast SEO plugin. -->","yoast_head_json":{"title":"Flange Management \u2013 La Empresa de Ingenier\u00eda Independiente","description":"Flange Management ofrece integridad de uniones, verificaci\u00f3n y documentaci\u00f3n de cumplimiento lista para auditor\u00eda para uniones atornilladas cr\u00edticas\u2014ingenier\u00eda independiente y basada en normas.","robots":{"index":"index","follow":"follow","max-snippet":"max-snippet:-1","max-image-preview":"max-image-preview:large","max-video-preview":"max-video-preview:-1"},"canonical":"https:\/\/flangemanagement.com\/es\/inicio\/","og_locale":"es_ES","og_type":"article","og_title":"Flange Management \u2013 La Empresa de Ingenier\u00eda Independiente","og_description":"Flange Management ofrece integridad de uniones, verificaci\u00f3n y documentaci\u00f3n de cumplimiento lista para auditor\u00eda para uniones atornilladas cr\u00edticas\u2014ingenier\u00eda independiente y basada en normas.","og_url":"https:\/\/flangemanagement.com\/es\/inicio\/","og_site_name":"Flange Management","article_publisher":"https:\/\/www.facebook.com\/flangemanagement","article_modified_time":"2026-02-27T13:46:40+00:00","twitter_card":"summary_large_image","twitter_misc":{"Tiempo de lectura":"20 minutos"},"schema":{"@context":"https:\/\/schema.org","@graph":[{"@type":"WebPage","@id":"https:\/\/flangemanagement.com\/es\/inicio\/","url":"https:\/\/flangemanagement.com\/es\/inicio\/","name":"Flange Management \u2013 La Empresa de Ingenier\u00eda Independiente","isPartOf":{"@id":"https:\/\/flangemanagement.com\/#website"},"datePublished":"2026-02-26T08:51:20+00:00","dateModified":"2026-02-27T13:46:40+00:00","description":"Flange Management ofrece integridad de uniones, verificaci\u00f3n y documentaci\u00f3n de cumplimiento lista para auditor\u00eda para uniones atornilladas cr\u00edticas\u2014ingenier\u00eda independiente y basada en normas.","breadcrumb":{"@id":"https:\/\/flangemanagement.com\/es\/inicio\/#breadcrumb"},"inLanguage":"es","potentialAction":[{"@type":"ReadAction","target":["https:\/\/flangemanagement.com\/es\/inicio\/"]}]},{"@type":"BreadcrumbList","@id":"https:\/\/flangemanagement.com\/es\/inicio\/#breadcrumb","itemListElement":[{"@type":"ListItem","position":1,"name":"Home","item":"https:\/\/flangemanagement.com\/es\/inicio\/"},{"@type":"ListItem","position":2,"name":"Inicio"}]},{"@type":"WebSite","@id":"https:\/\/flangemanagement.com\/#website","url":"https:\/\/flangemanagement.com\/","name":"Flange Management","description":"Engineers in joint integrity","publisher":{"@id":"https:\/\/flangemanagement.com\/#organization"},"potentialAction":[{"@type":"SearchAction","target":{"@type":"EntryPoint","urlTemplate":"https:\/\/flangemanagement.com\/?s={search_term_string}"},"query-input":{"@type":"PropertyValueSpecification","valueRequired":true,"valueName":"search_term_string"}}],"inLanguage":"es"},{"@type":"Organization","@id":"https:\/\/flangemanagement.com\/#organization","name":"Flange Management","alternateName":"Flange Management","url":"https:\/\/flangemanagement.com\/","logo":{"@type":"ImageObject","inLanguage":"es","@id":"https:\/\/flangemanagement.com\/#\/schema\/logo\/image\/","url":"https:\/\/flangemanagement.com\/wp-content\/uploads\/2022\/12\/Favicon-512x512-1.png","contentUrl":"https:\/\/flangemanagement.com\/wp-content\/uploads\/2022\/12\/Favicon-512x512-1.png","width":512,"height":512,"caption":"Flange Management"},"image":{"@id":"https:\/\/flangemanagement.com\/#\/schema\/logo\/image\/"},"sameAs":["https:\/\/www.facebook.com\/flangemanagement","https:\/\/www.linkedin.com\/company\/flangemanagement\/"]}]}},"_links":{"self":[{"href":"https:\/\/flangemanagement.com\/es\/wp-json\/wp\/v2\/pages\/829","targetHints":{"allow":["GET"]}}],"collection":[{"href":"https:\/\/flangemanagement.com\/es\/wp-json\/wp\/v2\/pages"}],"about":[{"href":"https:\/\/flangemanagement.com\/es\/wp-json\/wp\/v2\/types\/page"}],"author":[{"embeddable":true,"href":"https:\/\/flangemanagement.com\/es\/wp-json\/wp\/v2\/users\/1"}],"replies":[{"embeddable":true,"href":"https:\/\/flangemanagement.com\/es\/wp-json\/wp\/v2\/comments?post=829"}],"version-history":[{"count":14,"href":"https:\/\/flangemanagement.com\/es\/wp-json\/wp\/v2\/pages\/829\/revisions"}],"predecessor-version":[{"id":1073,"href":"https:\/\/flangemanagement.com\/es\/wp-json\/wp\/v2\/pages\/829\/revisions\/1073"}],"wp:attachment":[{"href":"https:\/\/flangemanagement.com\/es\/wp-json\/wp\/v2\/media?parent=829"}],"curies":[{"name":"wp","href":"https:\/\/api.w.org\/{rel}","templated":true}]}}