{"id":1021,"date":"2022-12-09T14:13:10","date_gmt":"2022-12-09T14:13:10","guid":{"rendered":"https:\/\/flangemanagement.com\/a-propos\/"},"modified":"2026-01-27T21:21:34","modified_gmt":"2026-01-27T21:21:34","slug":"a-propos","status":"publish","type":"page","link":"https:\/\/flangemanagement.com\/fr\/a-propos\/","title":{"rendered":"\u00c0 propos"},"content":{"rendered":"<div class=\"fusion-fullwidth fullwidth-box fusion-builder-row-1 fusion-flex-container has-pattern-background has-mask-background nonhundred-percent-fullwidth non-hundred-percent-height-scrolling\" style=\"--awb-border-radius-top-left:0px;--awb-border-radius-top-right:0px;--awb-border-radius-bottom-right:0px;--awb-border-radius-bottom-left:0px;--awb-flex-wrap:wrap;\" ><div class=\"fusion-builder-row fusion-row fusion-flex-align-items-flex-start fusion-flex-content-wrap\" style=\"max-width:1248px;margin-left: calc(-4% \/ 2 );margin-right: calc(-4% \/ 2 );\"><div class=\"fusion-layout-column fusion_builder_column fusion-builder-column-0 fusion_builder_column_1_1 1_1 fusion-flex-column\" style=\"--awb-bg-size:cover;--awb-width-large:100%;--awb-spacing-right-large:1.92%;--awb-spacing-left-large:1.92%;--awb-width-medium:100%;--awb-order-medium:0;--awb-spacing-right-medium:1.92%;--awb-spacing-left-medium:1.92%;--awb-width-small:100%;--awb-order-small:0;--awb-spacing-right-small:1.92%;--awb-spacing-left-small:1.92%;\"><div class=\"fusion-column-wrapper fusion-column-has-shadow fusion-flex-justify-content-flex-start fusion-content-layout-column\"><div class=\"fusion-text fusion-text-1\"><h2>\u00c0 propos<\/h2>\n<\/p>\n<p><strong>Flange Management<\/strong> est un bureau d\u2019ing\u00e9nierie n\u00e9erlandais ind\u00e9pendant bas\u00e9 \u00e0 Amsterdam, sp\u00e9cialis\u00e9 dans l\u2019int\u00e9grit\u00e9 des assemblages au sein des secteurs de l\u2019\u00e9nergie, du p\u00e9trole &amp; gaz et de la p\u00e9trochimie. Gr\u00e2ce \u00e0 une solide expertise en technologie des brides, nous comprenons les d\u00e9fis sp\u00e9cifiques de nos clients et proposons des solutions garantissant des op\u00e9rations s\u00fbres, efficaces et ininterrompues.<\/p>\n<\/p>\n<p>Nous nous engageons \u00e0 am\u00e9liorer la fiabilit\u00e9, l\u2019int\u00e9grit\u00e9, la disponibilit\u00e9 et la long\u00e9vit\u00e9 des assemblages \u00e0 brides. En r\u00e9duisant significativement les arr\u00eats non planifi\u00e9s caus\u00e9s par des fuites, nous aidons nos clients \u00e0 \u00e9conomiser un temps pr\u00e9cieux, des ressources et des co\u00fbts d\u2019exploitation.<\/p>\n<\/p>\n<p>Nous fournissons des calculs de brides pr\u00e9cis qui prot\u00e8gent la qualit\u00e9 des syst\u00e8mes de tuyauterie et permettent une v\u00e9rification continue de l\u2019int\u00e9grit\u00e9 des brides \u2014 m\u00eame lorsque les installations restent en service. En am\u00e9liorant la qualit\u00e9 et la durabilit\u00e9 des assemblages brid\u00e9s, notre approche \u00e9tablit une base tra\u00e7able pour une fiabilit\u00e9 \u00e0 long terme des actifs et une r\u00e9duction mesurable des co\u00fbts.<\/p>\n<\/div><div class=\"fusion-text fusion-text-2\"><h2>D\u00e9claration de mission<\/h2>\n<h3>Fournir des solutions sans fuite<\/h3>\n<p>Une connexion \u00e0 brides est un syst\u00e8me m\u00e9canique sophistiqu\u00e9. Obtenir une liaison \u00e9tanche n\u00e9cessite pr\u00e9cision, expertise et ma\u00eetrise \u2014 chaque d\u00e9cision, de la conception au serrage, doit rester dans des limites d\u2019ing\u00e9nierie strictes.<\/p>\n<p>Chez <strong>Flange Management<\/strong>, nous transformons la complexit\u00e9 en clart\u00e9. Chaque calcul g\u00e9n\u00e9r\u00e9 par notre <strong>logiciel propri\u00e9taire FlangeUp\u00ae<\/strong> est rigoureusement revu par des ing\u00e9nieurs qualifi\u00e9s afin de garantir la pr\u00e9cision, la r\u00e9p\u00e9tabilit\u00e9 et la conformit\u00e9 aux normes internationales.<\/p>\n<h3>Flange Management \u2014 G\u00e9n\u00e9ral<\/h3>\n<p>Les propri\u00e9taires d\u2019installations subissent une pression croissante pour r\u00e9duire les \u00e9missions fugitives, sous l\u2019effet du durcissement des r\u00e9glementations environnementales, des exigences de s\u00e9curit\u00e9 et des attentes de performance. Le co\u00fbt des fuites \u2014 pertes de produit, nettoyage, amendes et atteinte \u00e0 la r\u00e9putation \u2014 est \u00e9lev\u00e9.<br \/><strong>Flange Management<\/strong> propose une gamme compl\u00e8te de services d\u2019ing\u00e9nierie pour minimiser ces risques et assurer des mises en service sans fuite ainsi qu\u2019une exploitation durable.<\/p>\n<p>Nos calculs v\u00e9rifi\u00e9s d\u00e9terminent la pr\u00e9charge correcte des boulons, le couple de serrage, la contrainte sur le joint et les limites de montage, constituant ainsi la base d\u2019une \u00e9tanch\u00e9it\u00e9 fiable. Nous aidons les propri\u00e9taires d\u2019actifs \u00e0 prendre des d\u00e9cisions de conception \u00e9clair\u00e9es et \u00e0 mettre en \u0153uvre les bonnes proc\u00e9dures afin d\u2019obtenir des am\u00e9liorations mesurables de fiabilit\u00e9.<\/p>\n<h3>Int\u00e9grit\u00e9 des assemblages<\/h3>\n<p>La d\u00e9faillance m\u00e9canique due \u00e0 une conception inad\u00e9quate ou \u00e0 la d\u00e9gradation des mat\u00e9riaux est la deuxi\u00e8me cause la plus fr\u00e9quente de probl\u00e8mes d\u2019assemblages \u00e0 brides. La plupart des \u00e9missions fugitives proviennent d\u2019assemblages soit mal calcul\u00e9s, soit mal mont\u00e9s.<\/p>\n<p>Gr\u00e2ce \u00e0 notre travail, <strong>Flange Management<\/strong> veille \u00e0 ce que chaque assemblage \u00e0 brides soit calcul\u00e9, v\u00e9rifi\u00e9 et document\u00e9 pour r\u00e9sister \u00e0 ses contraintes d\u2019exploitation \u2014 en prot\u00e9geant \u00e0 la fois les personnes et l\u2019environnement.<\/p>\n<h3>Approche cycle de vie<\/h3>\n<p>L\u2019int\u00e9grit\u00e9 commence d\u00e8s la conception et doit se poursuivre tout au long de la construction et de l\u2019exploitation.<\/p>\n<ul>\n<li><strong>Phase de conception :<\/strong> d\u00e9finir les exigences et r\u00e9aliser des calculs v\u00e9rifi\u00e9s.<\/li>\n<li><strong>Phase de construction :<\/strong> inspection et v\u00e9rification pour assurer la conformit\u00e9.<\/li>\n<li><strong>Phase d\u2019exploitation :<\/strong> revues p\u00e9riodiques et maintenance pour pr\u00e9server la fiabilit\u00e9.<\/li>\n<\/ul>\n<p>Notre accompagnement continu permet aux propri\u00e9taires de maintenir la s\u00e9curit\u00e9 et l\u2019int\u00e9grit\u00e9 sur l\u2019ensemble du cycle de vie de leurs actifs.<\/p>\n<h3>Cadre juridique et normatif<\/h3>\n<p>Les propri\u00e9taires d\u2019actifs sont l\u00e9galement tenus de pr\u00e9venir les fuites et de r\u00e9duire les risques. Nous les aidons \u00e0 satisfaire \u00e0 cette obligation de diligence en appliquant des normes reconnues telles que <strong>EN 1591-1<\/strong>, <strong>ASME VIII<\/strong>, <strong>ASME PCC-1<\/strong> et les sp\u00e9cifications <strong>DIN\/EN<\/strong> pertinentes. Nos m\u00e9thodologies s\u2019alignent sur des syst\u00e8mes qualit\u00e9 et des cadres environnementaux reconnus, garantissant que chaque \u00e9tape de conception est d\u00e9fendable et document\u00e9e.<\/p>\n<h3>Notre objectif<\/h3>\n<p>Notre objectif est de sensibiliser les propri\u00e9taires d\u2019actifs aux risques sp\u00e9cifiques associ\u00e9s aux assemblages brid\u00e9s et de les accompagner dans la mise en place de programmes d\u2019int\u00e9grit\u00e9 syst\u00e9matiques en phase d\u2019exploitation.<br \/>Nous promouvons une culture de pr\u00e9vention, de conformit\u00e9 et d\u2019excellence technique \u2014 en aidant les organisations \u00e0 passer d\u2019une maintenance r\u00e9active \u00e0 une gestion proactive de l\u2019int\u00e9grit\u00e9.<\/p>\n<h3>Gestion syst\u00e9matique des risques<\/h3>\n<p>Les assemblages brid\u00e9s n\u00e9cessitent une \u00e9valuation technique sp\u00e9cialis\u00e9e et une gestion coh\u00e9rente. <strong>Flange Management<\/strong> int\u00e8gre ses services dans la m\u00e9thodologie <strong>PDCA (Plan\u2013Do\u2013Check\u2013Act)<\/strong> afin de cr\u00e9er un syst\u00e8me structur\u00e9 de gestion des risques (RMS) coh\u00e9rent, ma\u00eetris\u00e9 et en am\u00e9lioration continue. Cette approche garantit que chaque connexion \u00e0 brides est g\u00e9r\u00e9e, surveill\u00e9e et maintenue \u00e0 l\u2019aide d\u2019indicateurs de performance mesurables.<\/p>\n<h3>Public cible<\/h3>\n<p><strong>Flange Management<\/strong> s\u2019adresse aux <strong>propri\u00e9taires d\u2019actifs, contractants EPC et exploitants<\/strong> qui exigent une assurance mesurable de l\u2019int\u00e9grit\u00e9 des brides.<br \/>Nos constats, calculs et recommandations fournissent une base claire et pratique pour atteindre une exploitation sans fuite et une conformit\u00e9 totale \u00e0 la l\u00e9gislation et aux standards internes.<\/p>\n<h3>En r\u00e9sum\u00e9<\/h3>\n<p><strong>Flange Management<\/strong> apporte la certitude d\u2019ing\u00e9nierie derri\u00e8re chaque assemblage \u2014 en reliant calcul pr\u00e9cis, documentation v\u00e9rifi\u00e9e et gestion responsable des actifs \u00e0 un seul objectif : <strong>Performance sans fuite.<\/strong><\/p>\n<\/div><\/div><\/div><\/div><\/div>\n","protected":false},"excerpt":{"rendered":"","protected":false},"author":1,"featured_media":0,"parent":0,"menu_order":4,"comment_status":"closed","ping_status":"closed","template":"","meta":{"footnotes":""},"class_list":["post-1021","page","type-page","status-publish","hentry"],"yoast_head":"<!-- This site is optimized with the Yoast SEO plugin v26.8 - https:\/\/yoast.com\/product\/yoast-seo-wordpress\/ -->\n<title>\u00c0 propos de Flange Management<\/title>\n<meta name=\"description\" content=\"Flange Management est une entreprise ind\u00e9pendante. Nous sommes sp\u00e9cialis\u00e9s dans l\u2019int\u00e9grit\u00e9 des assemblages dans les industries de l\u2019\u00e9nergie, du p\u00e9trole et du gaz, et de la p\u00e9trochimie.\" \/>\n<meta name=\"robots\" content=\"index, follow, max-snippet:-1, max-image-preview:large, max-video-preview:-1\" \/>\n<link rel=\"canonical\" href=\"https:\/\/flangemanagement.com\/about-us\/\" \/>\n<meta property=\"og:locale\" content=\"fr_FR\" \/>\n<meta property=\"og:type\" content=\"article\" \/>\n<meta property=\"og:title\" content=\"\u00c0 propos de Flange Management\" \/>\n<meta property=\"og:description\" content=\"Flange Management est une entreprise ind\u00e9pendante. Nous sommes sp\u00e9cialis\u00e9s dans l\u2019int\u00e9grit\u00e9 des assemblages dans les industries de l\u2019\u00e9nergie, du p\u00e9trole et du gaz, et de la p\u00e9trochimie.\" \/>\n<meta property=\"og:url\" content=\"https:\/\/flangemanagement.com\/about-us\/\" \/>\n<meta property=\"og:site_name\" content=\"Flange Management\" \/>\n<meta property=\"article:publisher\" content=\"https:\/\/www.facebook.com\/flangemanagement\" \/>\n<meta property=\"article:modified_time\" content=\"2026-01-27T21:21:34+00:00\" \/>\n<meta name=\"twitter:card\" content=\"summary_large_image\" \/>\n<meta name=\"twitter:label1\" content=\"Dur\u00e9e de lecture estim\u00e9e\" \/>\n\t<meta name=\"twitter:data1\" content=\"9 minutes\" \/>\n<script type=\"application\/ld+json\" class=\"yoast-schema-graph\">{\"@context\":\"https:\/\/schema.org\",\"@graph\":[{\"@type\":\"WebPage\",\"@id\":\"https:\/\/flangemanagement.com\/about-us\/\",\"url\":\"https:\/\/flangemanagement.com\/about-us\/\",\"name\":\"\u00c0 propos de Flange Management\",\"isPartOf\":{\"@id\":\"https:\/\/flangemanagement.com\/#website\"},\"datePublished\":\"2022-12-09T14:13:10+00:00\",\"dateModified\":\"2026-01-27T21:21:34+00:00\",\"description\":\"Flange Management est une entreprise ind\u00e9pendante. Nous sommes sp\u00e9cialis\u00e9s dans l\u2019int\u00e9grit\u00e9 des assemblages dans les industries de l\u2019\u00e9nergie, du p\u00e9trole et du gaz, et de la p\u00e9trochimie.\",\"breadcrumb\":{\"@id\":\"https:\/\/flangemanagement.com\/about-us\/#breadcrumb\"},\"inLanguage\":\"fr-FR\",\"potentialAction\":[{\"@type\":\"ReadAction\",\"target\":[\"https:\/\/flangemanagement.com\/about-us\/\"]}]},{\"@type\":\"BreadcrumbList\",\"@id\":\"https:\/\/flangemanagement.com\/about-us\/#breadcrumb\",\"itemListElement\":[{\"@type\":\"ListItem\",\"position\":1,\"name\":\"Home\",\"item\":\"https:\/\/flangemanagement.com\/fr\/accueil\/\"},{\"@type\":\"ListItem\",\"position\":2,\"name\":\"\u00c0 propos\"}]},{\"@type\":\"WebSite\",\"@id\":\"https:\/\/flangemanagement.com\/#website\",\"url\":\"https:\/\/flangemanagement.com\/\",\"name\":\"Flange Management\",\"description\":\"Engineers in joint integrity\",\"publisher\":{\"@id\":\"https:\/\/flangemanagement.com\/#organization\"},\"potentialAction\":[{\"@type\":\"SearchAction\",\"target\":{\"@type\":\"EntryPoint\",\"urlTemplate\":\"https:\/\/flangemanagement.com\/?s={search_term_string}\"},\"query-input\":{\"@type\":\"PropertyValueSpecification\",\"valueRequired\":true,\"valueName\":\"search_term_string\"}}],\"inLanguage\":\"fr-FR\"},{\"@type\":\"Organization\",\"@id\":\"https:\/\/flangemanagement.com\/#organization\",\"name\":\"Flange Management\",\"alternateName\":\"Flange Management\",\"url\":\"https:\/\/flangemanagement.com\/\",\"logo\":{\"@type\":\"ImageObject\",\"inLanguage\":\"fr-FR\",\"@id\":\"https:\/\/flangemanagement.com\/#\/schema\/logo\/image\/\",\"url\":\"https:\/\/flangemanagement.com\/wp-content\/uploads\/2022\/12\/Favicon-512x512-1.png\",\"contentUrl\":\"https:\/\/flangemanagement.com\/wp-content\/uploads\/2022\/12\/Favicon-512x512-1.png\",\"width\":512,\"height\":512,\"caption\":\"Flange Management\"},\"image\":{\"@id\":\"https:\/\/flangemanagement.com\/#\/schema\/logo\/image\/\"},\"sameAs\":[\"https:\/\/www.facebook.com\/flangemanagement\",\"https:\/\/www.linkedin.com\/company\/flangemanagement\/\"]}]}<\/script>\n<!-- \/ Yoast SEO plugin. -->","yoast_head_json":{"title":"\u00c0 propos de Flange Management","description":"Flange Management est une entreprise ind\u00e9pendante. Nous sommes sp\u00e9cialis\u00e9s dans l\u2019int\u00e9grit\u00e9 des assemblages dans les industries de l\u2019\u00e9nergie, du p\u00e9trole et du gaz, et de la p\u00e9trochimie.","robots":{"index":"index","follow":"follow","max-snippet":"max-snippet:-1","max-image-preview":"max-image-preview:large","max-video-preview":"max-video-preview:-1"},"canonical":"https:\/\/flangemanagement.com\/about-us\/","og_locale":"fr_FR","og_type":"article","og_title":"\u00c0 propos de Flange Management","og_description":"Flange Management est une entreprise ind\u00e9pendante. Nous sommes sp\u00e9cialis\u00e9s dans l\u2019int\u00e9grit\u00e9 des assemblages dans les industries de l\u2019\u00e9nergie, du p\u00e9trole et du gaz, et de la p\u00e9trochimie.","og_url":"https:\/\/flangemanagement.com\/about-us\/","og_site_name":"Flange Management","article_publisher":"https:\/\/www.facebook.com\/flangemanagement","article_modified_time":"2026-01-27T21:21:34+00:00","twitter_card":"summary_large_image","twitter_misc":{"Dur\u00e9e de lecture estim\u00e9e":"9 minutes"},"schema":{"@context":"https:\/\/schema.org","@graph":[{"@type":"WebPage","@id":"https:\/\/flangemanagement.com\/about-us\/","url":"https:\/\/flangemanagement.com\/about-us\/","name":"\u00c0 propos de Flange Management","isPartOf":{"@id":"https:\/\/flangemanagement.com\/#website"},"datePublished":"2022-12-09T14:13:10+00:00","dateModified":"2026-01-27T21:21:34+00:00","description":"Flange Management est une entreprise ind\u00e9pendante. Nous sommes sp\u00e9cialis\u00e9s dans l\u2019int\u00e9grit\u00e9 des assemblages dans les industries de l\u2019\u00e9nergie, du p\u00e9trole et du gaz, et de la p\u00e9trochimie.","breadcrumb":{"@id":"https:\/\/flangemanagement.com\/about-us\/#breadcrumb"},"inLanguage":"fr-FR","potentialAction":[{"@type":"ReadAction","target":["https:\/\/flangemanagement.com\/about-us\/"]}]},{"@type":"BreadcrumbList","@id":"https:\/\/flangemanagement.com\/about-us\/#breadcrumb","itemListElement":[{"@type":"ListItem","position":1,"name":"Home","item":"https:\/\/flangemanagement.com\/fr\/accueil\/"},{"@type":"ListItem","position":2,"name":"\u00c0 propos"}]},{"@type":"WebSite","@id":"https:\/\/flangemanagement.com\/#website","url":"https:\/\/flangemanagement.com\/","name":"Flange Management","description":"Engineers in joint integrity","publisher":{"@id":"https:\/\/flangemanagement.com\/#organization"},"potentialAction":[{"@type":"SearchAction","target":{"@type":"EntryPoint","urlTemplate":"https:\/\/flangemanagement.com\/?s={search_term_string}"},"query-input":{"@type":"PropertyValueSpecification","valueRequired":true,"valueName":"search_term_string"}}],"inLanguage":"fr-FR"},{"@type":"Organization","@id":"https:\/\/flangemanagement.com\/#organization","name":"Flange Management","alternateName":"Flange Management","url":"https:\/\/flangemanagement.com\/","logo":{"@type":"ImageObject","inLanguage":"fr-FR","@id":"https:\/\/flangemanagement.com\/#\/schema\/logo\/image\/","url":"https:\/\/flangemanagement.com\/wp-content\/uploads\/2022\/12\/Favicon-512x512-1.png","contentUrl":"https:\/\/flangemanagement.com\/wp-content\/uploads\/2022\/12\/Favicon-512x512-1.png","width":512,"height":512,"caption":"Flange Management"},"image":{"@id":"https:\/\/flangemanagement.com\/#\/schema\/logo\/image\/"},"sameAs":["https:\/\/www.facebook.com\/flangemanagement","https:\/\/www.linkedin.com\/company\/flangemanagement\/"]}]}},"_links":{"self":[{"href":"https:\/\/flangemanagement.com\/fr\/wp-json\/wp\/v2\/pages\/1021","targetHints":{"allow":["GET"]}}],"collection":[{"href":"https:\/\/flangemanagement.com\/fr\/wp-json\/wp\/v2\/pages"}],"about":[{"href":"https:\/\/flangemanagement.com\/fr\/wp-json\/wp\/v2\/types\/page"}],"author":[{"embeddable":true,"href":"https:\/\/flangemanagement.com\/fr\/wp-json\/wp\/v2\/users\/1"}],"replies":[{"embeddable":true,"href":"https:\/\/flangemanagement.com\/fr\/wp-json\/wp\/v2\/comments?post=1021"}],"version-history":[{"count":2,"href":"https:\/\/flangemanagement.com\/fr\/wp-json\/wp\/v2\/pages\/1021\/revisions"}],"predecessor-version":[{"id":1023,"href":"https:\/\/flangemanagement.com\/fr\/wp-json\/wp\/v2\/pages\/1021\/revisions\/1023"}],"wp:attachment":[{"href":"https:\/\/flangemanagement.com\/fr\/wp-json\/wp\/v2\/media?parent=1021"}],"curies":[{"name":"wp","href":"https:\/\/api.w.org\/{rel}","templated":true}]}}