{"id":825,"date":"2026-02-26T08:51:20","date_gmt":"2026-02-26T08:51:20","guid":{"rendered":"https:\/\/flangemanagement.com\/accueil\/"},"modified":"2026-02-27T13:46:40","modified_gmt":"2026-02-27T13:46:40","slug":"accueil","status":"publish","type":"page","link":"https:\/\/flangemanagement.com\/fr\/","title":{"rendered":"Accueil"},"content":{"rendered":"<p><div class=\"fusion-fullwidth fullwidth-box fusion-builder-row-1 fusion-flex-container has-pattern-background has-mask-background nonhundred-percent-fullwidth non-hundred-percent-height-scrolling fusion-animated\" style=\"--awb-border-radius-top-left:0px;--awb-border-radius-top-right:0px;--awb-border-radius-bottom-right:0px;--awb-border-radius-bottom-left:0px;--awb-flex-wrap:wrap;\" data-animationType=\"fadeInUp\" data-animationDuration=\"1.0\" data-animationOffset=\"top-into-view\" ><div class=\"fusion-builder-row fusion-row fusion-flex-align-items-flex-start fusion-flex-content-wrap\" style=\"max-width:1248px;margin-left: calc(-4% \/ 2 );margin-right: calc(-4% \/ 2 );\"><div class=\"fusion-layout-column fusion_builder_column fusion-builder-column-0 fusion_builder_column_1_1 1_1 fusion-flex-column\" style=\"--awb-bg-size:cover;--awb-width-large:100%;--awb-spacing-right-large:1.92%;--awb-spacing-left-large:1.92%;--awb-width-medium:100%;--awb-order-medium:0;--awb-spacing-right-medium:1.92%;--awb-spacing-left-medium:1.92%;--awb-width-small:100%;--awb-order-small:0;--awb-spacing-right-small:1.92%;--awb-spacing-left-small:1.92%;\"><div class=\"fusion-column-wrapper fusion-column-has-shadow fusion-flex-justify-content-flex-start fusion-content-layout-column\"><div class=\"fusion-text fusion-text-1\"><h1>Flange Management<\/h1>\n<p>Flange Management est le nom commercial de Flange Management B.V., un bureau d\u2019ing\u00e9nierie ind\u00e9pendant bas\u00e9 \u00e0 Amsterdam. Nous sommes sp\u00e9cialis\u00e9s dans la conception et la v\u00e9rification des assemblages \u00e0 brides, ainsi que dans la documentation de conformit\u00e9 pour les assemblages boulonn\u00e9s critiques. Nous fournissons des preuves pr\u00eates pour audit d\u00e9montrant que les calculs, les hypoth\u00e8ses et les exigences de montage r\u00e9pondent aux normes applicables \u00e0 vos installations.<\/p>\n<p>Nous ne faisons pas que calculer \u2014 nous documentons des preuves. Des preuves que vos assemblages \u00e0 brides ont \u00e9t\u00e9 con\u00e7us, v\u00e9rifi\u00e9s et assembl\u00e9s conform\u00e9ment aux normes exig\u00e9es par vos installations. Lorsqu\u2019un organisme de contr\u00f4le, un inspecteur ou un auditeur interne demande : \u00ab Montrez-moi comment cet assemblage a \u00e9t\u00e9 v\u00e9rifi\u00e9 \u00bb, il vous faut plus qu\u2019un calcul \u2014 il vous faut des preuves claires et d\u00e9fendables.<\/p>\n<\/div><\/div><\/div><\/div><\/div><div class=\"fusion-fullwidth fullwidth-box fusion-builder-row-2 fusion-flex-container has-pattern-background has-mask-background nonhundred-percent-fullwidth non-hundred-percent-height-scrolling fusion-animated\" style=\"--awb-border-radius-top-left:0px;--awb-border-radius-top-right:0px;--awb-border-radius-bottom-right:0px;--awb-border-radius-bottom-left:0px;--awb-flex-wrap:wrap;\" data-animationType=\"fadeInUp\" data-animationDuration=\"1.0\" data-animationOffset=\"top-into-view\" ><div class=\"fusion-builder-row fusion-row fusion-flex-align-items-flex-start fusion-flex-content-wrap\" style=\"max-width:1248px;margin-left: calc(-4% \/ 2 );margin-right: calc(-4% \/ 2 );\"><div class=\"fusion-layout-column fusion_builder_column fusion-builder-column-1 fusion_builder_column_1_1 1_1 fusion-flex-column\" style=\"--awb-bg-size:cover;--awb-width-large:100%;--awb-spacing-right-large:1.92%;--awb-spacing-left-large:1.92%;--awb-width-medium:100%;--awb-order-medium:0;--awb-spacing-right-medium:1.92%;--awb-spacing-left-medium:1.92%;--awb-width-small:100%;--awb-order-small:0;--awb-spacing-right-small:1.92%;--awb-spacing-left-small:1.92%;\"><div class=\"fusion-column-wrapper fusion-column-has-shadow fusion-flex-justify-content-flex-start fusion-content-layout-column\"><\/div><\/div><div class=\"fusion-layout-column fusion_builder_column fusion-builder-column-2 fusion_builder_column_1_3 1_3 fusion-flex-column\" style=\"--awb-bg-size:cover;--awb-width-large:33.333333333333%;--awb-spacing-right-large:5.76%;--awb-spacing-left-large:5.76%;--awb-width-medium:33.333333333333%;--awb-order-medium:0;--awb-spacing-right-medium:5.76%;--awb-spacing-left-medium:5.76%;--awb-width-small:100%;--awb-order-small:0;--awb-spacing-right-small:1.92%;--awb-spacing-left-small:1.92%;\"><div class=\"fusion-column-wrapper fusion-column-has-shadow fusion-flex-justify-content-flex-start fusion-content-layout-column\"><div class=\"fusion-text fusion-text-2\"><h2>Ce que nous faisons<\/h2>\n<\/div><ul style=\"--awb-line-height:27.2px;--awb-icon-width:27.2px;--awb-icon-height:27.2px;--awb-icon-margin:11.2px;--awb-content-margin:38.4px;--awb-circlecolor:#619e85;--awb-circle-yes-font-size:14.08px;\" class=\"fusion-checklist fusion-checklist-1 fusion-checklist-default type-icons\"><li class=\"fusion-li-item\" style=\"\"><span class=\"icon-wrapper circle-yes\"><i class=\"fusion-li-icon awb-icon-check\" aria-hidden=\"true\"><\/i><\/span><div class=\"fusion-li-item-content\">\n<p>Services de conception &amp; de v\u00e9rification d\u2019assemblages \u00e0 brides<\/p>\n<\/div><\/li><li class=\"fusion-li-item\" style=\"\"><span class=\"icon-wrapper circle-yes\"><i class=\"fusion-li-icon awb-icon-check\" aria-hidden=\"true\"><\/i><\/span><div class=\"fusion-li-item-content\">\n<p>Standards-Based Engineering Calculations<\/p>\n<\/div><\/li><li class=\"fusion-li-item\" style=\"\"><span class=\"icon-wrapper circle-yes\"><i class=\"fusion-li-icon awb-icon-check\" aria-hidden=\"true\"><\/i><\/span><div class=\"fusion-li-item-content\">\n<p>Revue d\u2019ing\u00e9nierie ind\u00e9pendante<\/p>\n<\/div><\/li><li class=\"fusion-li-item\" style=\"\"><span class=\"icon-wrapper circle-yes\"><i class=\"fusion-li-icon awb-icon-check\" aria-hidden=\"true\"><\/i><\/span><div class=\"fusion-li-item-content\">\n<p>Programmes d\u2019int\u00e9grit\u00e9 des brides \u00e0 l\u2019\u00e9chelle du site<\/p>\n<\/div><\/li><\/ul><\/div><\/div><div class=\"fusion-layout-column fusion_builder_column fusion-builder-column-3 fusion_builder_column_1_3 1_3 fusion-flex-column\" style=\"--awb-bg-size:cover;--awb-width-large:33.333333333333%;--awb-spacing-right-large:5.76%;--awb-spacing-left-large:5.76%;--awb-width-medium:33.333333333333%;--awb-order-medium:0;--awb-spacing-right-medium:5.76%;--awb-spacing-left-medium:5.76%;--awb-width-small:100%;--awb-order-small:0;--awb-spacing-right-small:1.92%;--awb-spacing-left-small:1.92%;\"><div class=\"fusion-column-wrapper fusion-column-has-shadow fusion-flex-justify-content-flex-start fusion-content-layout-column\"><div class=\"fusion-text fusion-text-3\"><h2>Comment nous travaillons<\/h2>\n<p>\n<\/div><ul style=\"--awb-line-height:27.2px;--awb-icon-width:27.2px;--awb-icon-height:27.2px;--awb-icon-margin:11.2px;--awb-content-margin:38.4px;--awb-circlecolor:#619e85;--awb-circle-yes-font-size:14.08px;\" class=\"fusion-checklist fusion-checklist-2 fusion-checklist-default type-icons\"><li class=\"fusion-li-item\" style=\"\"><span class=\"icon-wrapper circle-yes\"><i class=\"fusion-li-icon awb-icon-check\" aria-hidden=\"true\"><\/i><\/span><div class=\"fusion-li-item-content\">\n<p>D\u00e9finir le p\u00e9rim\u00e8tre &amp; les hypoth\u00e8ses<\/p>\n<\/div><\/li><li class=\"fusion-li-item\" style=\"\"><span class=\"icon-wrapper circle-yes\"><i class=\"fusion-li-icon awb-icon-check\" aria-hidden=\"true\"><\/i><\/span><div class=\"fusion-li-item-content\">\n<p>Calculer, v\u00e9rifier &amp; questionner<\/p>\n<\/div><\/li><li class=\"fusion-li-item\" style=\"\"><span class=\"icon-wrapper circle-yes\"><i class=\"fusion-li-icon awb-icon-check\" aria-hidden=\"true\"><\/i><\/span><div class=\"fusion-li-item-content\">\n<p>Documenter &amp; assurer la tra\u00e7abilit\u00e9<\/p>\n<\/div><\/li><li class=\"fusion-li-item\" style=\"\"><span class=\"icon-wrapper circle-yes\"><i class=\"fusion-li-icon awb-icon-check\" aria-hidden=\"true\"><\/i><\/span><div class=\"fusion-li-item-content\">\n<p>Am\u00e9liorer &amp; p\u00e9renniser la conformit\u00e9<\/p>\n<\/div><\/li><\/ul><\/div><\/div><div class=\"fusion-layout-column fusion_builder_column fusion-builder-column-4 fusion_builder_column_1_3 1_3 fusion-flex-column\" style=\"--awb-bg-size:cover;--awb-width-large:33.333333333333%;--awb-spacing-right-large:5.76%;--awb-spacing-left-large:5.76%;--awb-width-medium:33.333333333333%;--awb-order-medium:0;--awb-spacing-right-medium:5.76%;--awb-spacing-left-medium:5.76%;--awb-width-small:100%;--awb-order-small:0;--awb-spacing-right-small:1.92%;--awb-spacing-left-small:1.92%;\"><div class=\"fusion-column-wrapper fusion-column-has-shadow fusion-flex-justify-content-flex-start fusion-content-layout-column\"><div class=\"fusion-text fusion-text-4\"><h2>L\u00e0 o\u00f9 nous cr\u00e9ons de la valeur<\/h2>\n<p>\n<\/div><ul style=\"--awb-line-height:27.2px;--awb-icon-width:27.2px;--awb-icon-height:27.2px;--awb-icon-margin:11.2px;--awb-content-margin:38.4px;--awb-circlecolor:#619e85;--awb-circle-yes-font-size:14.08px;\" class=\"fusion-checklist fusion-checklist-3 fusion-checklist-default type-icons\"><li class=\"fusion-li-item\" style=\"\"><span class=\"icon-wrapper circle-yes\"><i class=\"fusion-li-icon awb-icon-check\" aria-hidden=\"true\"><\/i><\/span><div class=\"fusion-li-item-content\">\n<p>Raffineries &amp; p\u00e9trochimie<\/p>\n<\/div><\/li><li class=\"fusion-li-item\" style=\"\"><span class=\"icon-wrapper circle-yes\"><i class=\"fusion-li-icon awb-icon-check\" aria-hidden=\"true\"><\/i><\/span><div class=\"fusion-li-item-content\">\n<p>Traitement du gaz &amp; GNL<\/p>\n<\/div><\/li><li class=\"fusion-li-item\" style=\"\"><span class=\"icon-wrapper circle-yes\"><i class=\"fusion-li-icon awb-icon-check\" aria-hidden=\"true\"><\/i><\/span><div class=\"fusion-li-item-content\">\n<p>Production d\u2019\u00e9nergie &amp; services publics<\/p>\n<\/div><\/li><li class=\"fusion-li-item\" style=\"\"><span class=\"icon-wrapper circle-yes\"><i class=\"fusion-li-icon awb-icon-check\" aria-hidden=\"true\"><\/i><\/span><div class=\"fusion-li-item-content\">\n<p>Syst\u00e8mes m\u00e9caniques critiques<\/p>\n<\/div><\/li><\/ul><\/div><\/div><\/div><\/div><div class=\"fusion-fullwidth fullwidth-box fusion-builder-row-3 fusion-flex-container has-pattern-background has-mask-background nonhundred-percent-fullwidth non-hundred-percent-height-scrolling fusion-animated\" style=\"--awb-border-radius-top-left:0px;--awb-border-radius-top-right:0px;--awb-border-radius-bottom-right:0px;--awb-border-radius-bottom-left:0px;--awb-flex-wrap:wrap;\" data-animationType=\"fadeInUp\" data-animationDuration=\"1.0\" data-animationOffset=\"top-into-view\" ><div class=\"fusion-builder-row fusion-row fusion-flex-align-items-flex-start fusion-flex-content-wrap\" style=\"max-width:1248px;margin-left: calc(-4% \/ 2 );margin-right: calc(-4% \/ 2 );\"><div class=\"fusion-layout-column fusion_builder_column fusion-builder-column-5 fusion_builder_column_1_1 1_1 fusion-flex-column\" style=\"--awb-bg-size:cover;--awb-width-large:100%;--awb-spacing-right-large:1.92%;--awb-spacing-left-large:1.92%;--awb-width-medium:100%;--awb-order-medium:0;--awb-spacing-right-medium:1.92%;--awb-spacing-left-medium:1.92%;--awb-width-small:100%;--awb-order-small:0;--awb-spacing-right-small:1.92%;--awb-spacing-left-small:1.92%;\"><div class=\"fusion-column-wrapper fusion-column-has-shadow fusion-flex-justify-content-flex-start fusion-content-layout-column\"><div class=\"fusion-text fusion-text-5\"><h2>Pourquoi c\u2019est important<\/h2>\n<p>Les assemblages \u00e0 brides \u00e9chouent sur le papier bien avant d\u2019\u00e9chouer sur le terrain. Une documentation manquante, des hypoth\u00e8ses floues ou des calculs inv\u00e9rifiables exposent les propri\u00e9taires d\u2019actifs \u00e0 des constats d\u2019inspection, des arr\u00eats non planifi\u00e9s, des risques d\u2019int\u00e9grit\u00e9 et des questions de responsabilit\u00e9 apr\u00e8s un incident. Une ing\u00e9nierie sans preuves tra\u00e7ables n\u2019est pas une ing\u00e9nierie achev\u00e9e.<\/p>\n<h2>Normes &amp; conformit\u00e9<\/h2>\n<p>Nous calculons, v\u00e9rifions et documentons conform\u00e9ment aux normes et codes applicables \u00e0 vos installations, notamment les m\u00e9thodologies europ\u00e9ennes et ASME de conception des brides, les directives de montage et les sp\u00e9cifications propres au client.<\/p>\n<p>Nos livrables sont con\u00e7us pour rendre la conformit\u00e9 explicite, rendre les hypoth\u00e8ses visibles et rendre l\u2019ing\u00e9nierie d\u00e9fendable. Vous recherchez une preuve formelle de conformit\u00e9 de conception et de montage ? D\u00e9couvrez le <a href=\"https:\/\/flangemanagement.com\/fr\/certificats\/\"><strong>FlangeUp\u00ae Compliance Certificate<\/strong><\/a>.<\/p>\n<h2>Ind\u00e9pendants par conception<\/h2>\n<p>Flange Management op\u00e8re ind\u00e9pendamment des fournisseurs de boulons, des fabricants de joints et des entreprises de montage. Notre seul int\u00e9r\u00eat est la justesse technique et une conformit\u00e9 clairement document\u00e9e.<\/p>\n<h2>Soyez pr\u00eats lorsque des preuves sont demand\u00e9es<\/h2>\n<p>Qu\u2019il s\u2019agisse d\u2019un assemblage critique ou de milliers sur un site, nous vous aidons \u00e0 transformer l\u2019ing\u00e9nierie des brides en preuves claires, pr\u00eates pour audit.<\/p>\n<\/div><\/div><\/div><\/div><\/div><\/p>\n","protected":false},"excerpt":{"rendered":"","protected":false},"author":1,"featured_media":0,"parent":0,"menu_order":1,"comment_status":"closed","ping_status":"closed","template":"100-width.php","meta":{"footnotes":""},"class_list":["post-825","page","type-page","status-publish","hentry"],"yoast_head":"<!-- This site is optimized with the Yoast SEO plugin v26.8 - https:\/\/yoast.com\/product\/yoast-seo-wordpress\/ -->\n<title>Flange Management \u2013 La Soci\u00e9t\u00e9 d\u2019Ing\u00e9nierie Ind\u00e9pendante<\/title>\n<meta name=\"description\" content=\"Flange Management fournit des services d\u2019int\u00e9grit\u00e9 des assemblages, de v\u00e9rification et une documentation de conformit\u00e9 pr\u00eate pour audit pour les assemblages boulonn\u00e9s critiques \u2014 une ing\u00e9nierie ind\u00e9pendante, fond\u00e9e sur les normes.\" \/>\n<meta name=\"robots\" content=\"index, follow, max-snippet:-1, max-image-preview:large, max-video-preview:-1\" \/>\n<link rel=\"canonical\" href=\"https:\/\/flangemanagement.com\/fr\/accueil\/\" \/>\n<meta property=\"og:locale\" content=\"fr_FR\" \/>\n<meta property=\"og:type\" content=\"article\" \/>\n<meta property=\"og:title\" content=\"Flange Management \u2013 La Soci\u00e9t\u00e9 d\u2019Ing\u00e9nierie Ind\u00e9pendante\" \/>\n<meta property=\"og:description\" content=\"Flange Management fournit des services d\u2019int\u00e9grit\u00e9 des assemblages, de v\u00e9rification et une documentation de conformit\u00e9 pr\u00eate pour audit pour les assemblages boulonn\u00e9s critiques \u2014 une ing\u00e9nierie ind\u00e9pendante, fond\u00e9e sur les normes.\" \/>\n<meta property=\"og:url\" content=\"https:\/\/flangemanagement.com\/fr\/accueil\/\" \/>\n<meta property=\"og:site_name\" content=\"Flange Management\" \/>\n<meta property=\"article:publisher\" content=\"https:\/\/www.facebook.com\/flangemanagement\" \/>\n<meta property=\"article:modified_time\" content=\"2026-02-27T13:46:40+00:00\" \/>\n<meta name=\"twitter:card\" content=\"summary_large_image\" \/>\n<meta name=\"twitter:label1\" content=\"Dur\u00e9e de lecture estim\u00e9e\" \/>\n\t<meta name=\"twitter:data1\" content=\"20 minutes\" \/>\n<script type=\"application\/ld+json\" class=\"yoast-schema-graph\">{\"@context\":\"https:\/\/schema.org\",\"@graph\":[{\"@type\":\"WebPage\",\"@id\":\"https:\/\/flangemanagement.com\/fr\/accueil\/\",\"url\":\"https:\/\/flangemanagement.com\/fr\/accueil\/\",\"name\":\"Flange Management \u2013 La Soci\u00e9t\u00e9 d\u2019Ing\u00e9nierie Ind\u00e9pendante\",\"isPartOf\":{\"@id\":\"https:\/\/flangemanagement.com\/#website\"},\"datePublished\":\"2026-02-26T08:51:20+00:00\",\"dateModified\":\"2026-02-27T13:46:40+00:00\",\"description\":\"Flange Management fournit des services d\u2019int\u00e9grit\u00e9 des assemblages, de v\u00e9rification et une documentation de conformit\u00e9 pr\u00eate pour audit pour les assemblages boulonn\u00e9s critiques \u2014 une ing\u00e9nierie ind\u00e9pendante, fond\u00e9e sur les normes.\",\"breadcrumb\":{\"@id\":\"https:\/\/flangemanagement.com\/fr\/accueil\/#breadcrumb\"},\"inLanguage\":\"fr-FR\",\"potentialAction\":[{\"@type\":\"ReadAction\",\"target\":[\"https:\/\/flangemanagement.com\/fr\/accueil\/\"]}]},{\"@type\":\"BreadcrumbList\",\"@id\":\"https:\/\/flangemanagement.com\/fr\/accueil\/#breadcrumb\",\"itemListElement\":[{\"@type\":\"ListItem\",\"position\":1,\"name\":\"Home\",\"item\":\"https:\/\/flangemanagement.com\/fr\/accueil\/\"},{\"@type\":\"ListItem\",\"position\":2,\"name\":\"Accueil\"}]},{\"@type\":\"WebSite\",\"@id\":\"https:\/\/flangemanagement.com\/#website\",\"url\":\"https:\/\/flangemanagement.com\/\",\"name\":\"Flange Management\",\"description\":\"Engineers in joint integrity\",\"publisher\":{\"@id\":\"https:\/\/flangemanagement.com\/#organization\"},\"potentialAction\":[{\"@type\":\"SearchAction\",\"target\":{\"@type\":\"EntryPoint\",\"urlTemplate\":\"https:\/\/flangemanagement.com\/?s={search_term_string}\"},\"query-input\":{\"@type\":\"PropertyValueSpecification\",\"valueRequired\":true,\"valueName\":\"search_term_string\"}}],\"inLanguage\":\"fr-FR\"},{\"@type\":\"Organization\",\"@id\":\"https:\/\/flangemanagement.com\/#organization\",\"name\":\"Flange Management\",\"alternateName\":\"Flange Management\",\"url\":\"https:\/\/flangemanagement.com\/\",\"logo\":{\"@type\":\"ImageObject\",\"inLanguage\":\"fr-FR\",\"@id\":\"https:\/\/flangemanagement.com\/#\/schema\/logo\/image\/\",\"url\":\"https:\/\/flangemanagement.com\/wp-content\/uploads\/2022\/12\/Favicon-512x512-1.png\",\"contentUrl\":\"https:\/\/flangemanagement.com\/wp-content\/uploads\/2022\/12\/Favicon-512x512-1.png\",\"width\":512,\"height\":512,\"caption\":\"Flange Management\"},\"image\":{\"@id\":\"https:\/\/flangemanagement.com\/#\/schema\/logo\/image\/\"},\"sameAs\":[\"https:\/\/www.facebook.com\/flangemanagement\",\"https:\/\/www.linkedin.com\/company\/flangemanagement\/\"]}]}<\/script>\n<!-- \/ Yoast SEO plugin. -->","yoast_head_json":{"title":"Flange Management \u2013 La Soci\u00e9t\u00e9 d\u2019Ing\u00e9nierie Ind\u00e9pendante","description":"Flange Management fournit des services d\u2019int\u00e9grit\u00e9 des assemblages, de v\u00e9rification et une documentation de conformit\u00e9 pr\u00eate pour audit pour les assemblages boulonn\u00e9s critiques \u2014 une ing\u00e9nierie ind\u00e9pendante, fond\u00e9e sur les normes.","robots":{"index":"index","follow":"follow","max-snippet":"max-snippet:-1","max-image-preview":"max-image-preview:large","max-video-preview":"max-video-preview:-1"},"canonical":"https:\/\/flangemanagement.com\/fr\/accueil\/","og_locale":"fr_FR","og_type":"article","og_title":"Flange Management \u2013 La Soci\u00e9t\u00e9 d\u2019Ing\u00e9nierie Ind\u00e9pendante","og_description":"Flange Management fournit des services d\u2019int\u00e9grit\u00e9 des assemblages, de v\u00e9rification et une documentation de conformit\u00e9 pr\u00eate pour audit pour les assemblages boulonn\u00e9s critiques \u2014 une ing\u00e9nierie ind\u00e9pendante, fond\u00e9e sur les normes.","og_url":"https:\/\/flangemanagement.com\/fr\/accueil\/","og_site_name":"Flange Management","article_publisher":"https:\/\/www.facebook.com\/flangemanagement","article_modified_time":"2026-02-27T13:46:40+00:00","twitter_card":"summary_large_image","twitter_misc":{"Dur\u00e9e de lecture estim\u00e9e":"20 minutes"},"schema":{"@context":"https:\/\/schema.org","@graph":[{"@type":"WebPage","@id":"https:\/\/flangemanagement.com\/fr\/accueil\/","url":"https:\/\/flangemanagement.com\/fr\/accueil\/","name":"Flange Management \u2013 La Soci\u00e9t\u00e9 d\u2019Ing\u00e9nierie Ind\u00e9pendante","isPartOf":{"@id":"https:\/\/flangemanagement.com\/#website"},"datePublished":"2026-02-26T08:51:20+00:00","dateModified":"2026-02-27T13:46:40+00:00","description":"Flange Management fournit des services d\u2019int\u00e9grit\u00e9 des assemblages, de v\u00e9rification et une documentation de conformit\u00e9 pr\u00eate pour audit pour les assemblages boulonn\u00e9s critiques \u2014 une ing\u00e9nierie ind\u00e9pendante, fond\u00e9e sur les normes.","breadcrumb":{"@id":"https:\/\/flangemanagement.com\/fr\/accueil\/#breadcrumb"},"inLanguage":"fr-FR","potentialAction":[{"@type":"ReadAction","target":["https:\/\/flangemanagement.com\/fr\/accueil\/"]}]},{"@type":"BreadcrumbList","@id":"https:\/\/flangemanagement.com\/fr\/accueil\/#breadcrumb","itemListElement":[{"@type":"ListItem","position":1,"name":"Home","item":"https:\/\/flangemanagement.com\/fr\/accueil\/"},{"@type":"ListItem","position":2,"name":"Accueil"}]},{"@type":"WebSite","@id":"https:\/\/flangemanagement.com\/#website","url":"https:\/\/flangemanagement.com\/","name":"Flange Management","description":"Engineers in joint integrity","publisher":{"@id":"https:\/\/flangemanagement.com\/#organization"},"potentialAction":[{"@type":"SearchAction","target":{"@type":"EntryPoint","urlTemplate":"https:\/\/flangemanagement.com\/?s={search_term_string}"},"query-input":{"@type":"PropertyValueSpecification","valueRequired":true,"valueName":"search_term_string"}}],"inLanguage":"fr-FR"},{"@type":"Organization","@id":"https:\/\/flangemanagement.com\/#organization","name":"Flange Management","alternateName":"Flange Management","url":"https:\/\/flangemanagement.com\/","logo":{"@type":"ImageObject","inLanguage":"fr-FR","@id":"https:\/\/flangemanagement.com\/#\/schema\/logo\/image\/","url":"https:\/\/flangemanagement.com\/wp-content\/uploads\/2022\/12\/Favicon-512x512-1.png","contentUrl":"https:\/\/flangemanagement.com\/wp-content\/uploads\/2022\/12\/Favicon-512x512-1.png","width":512,"height":512,"caption":"Flange Management"},"image":{"@id":"https:\/\/flangemanagement.com\/#\/schema\/logo\/image\/"},"sameAs":["https:\/\/www.facebook.com\/flangemanagement","https:\/\/www.linkedin.com\/company\/flangemanagement\/"]}]}},"_links":{"self":[{"href":"https:\/\/flangemanagement.com\/fr\/wp-json\/wp\/v2\/pages\/825","targetHints":{"allow":["GET"]}}],"collection":[{"href":"https:\/\/flangemanagement.com\/fr\/wp-json\/wp\/v2\/pages"}],"about":[{"href":"https:\/\/flangemanagement.com\/fr\/wp-json\/wp\/v2\/types\/page"}],"author":[{"embeddable":true,"href":"https:\/\/flangemanagement.com\/fr\/wp-json\/wp\/v2\/users\/1"}],"replies":[{"embeddable":true,"href":"https:\/\/flangemanagement.com\/fr\/wp-json\/wp\/v2\/comments?post=825"}],"version-history":[{"count":14,"href":"https:\/\/flangemanagement.com\/fr\/wp-json\/wp\/v2\/pages\/825\/revisions"}],"predecessor-version":[{"id":1072,"href":"https:\/\/flangemanagement.com\/fr\/wp-json\/wp\/v2\/pages\/825\/revisions\/1072"}],"wp:attachment":[{"href":"https:\/\/flangemanagement.com\/fr\/wp-json\/wp\/v2\/media?parent=825"}],"curies":[{"name":"wp","href":"https:\/\/api.w.org\/{rel}","templated":true}]}}